{"id":3,"date":"2024-08-15T13:03:43","date_gmt":"2024-08-15T11:03:43","guid":{"rendered":"http:\/\/serwer2407028.home.pl\/autoinstalator\/wordpress2\/?page_id=3"},"modified":"2024-10-24T11:39:17","modified_gmt":"2024-10-24T10:39:17","slug":"privacy-policy","status":"publish","type":"page","link":"https:\/\/positiveperspectivehypnotherapy.co.uk\/pl\/privacy-policy\/","title":{"rendered":"Polityka Prywatno\u015bci"},"content":{"rendered":"<div id=\"fws_69e7413b3f05f\"  data-column-margin=\"default\" data-midnight=\"dark\"  class=\"wpb_row vc_row-fluid vc_row  bottom_margin_3pct\"  style=\"padding-top: 0px; padding-bottom: 0px; \"><div class=\"row-bg-wrap\" data-bg-animation=\"none\" data-bg-animation-delay=\"\" data-bg-overlay=\"false\"><div class=\"inner-wrap row-bg-layer\" ><div class=\"row-bg viewport-desktop\"  style=\"\"><\/div><\/div><\/div><div class=\"row_col_wrap_12 col span_12 dark left\">\n\t<div  class=\"vc_col-sm-12 wpb_column column_container vc_column_container col has-animation no-extra-padding inherit_tablet inherit_phone\"  data-padding-pos=\"all\" data-has-bg-color=\"false\" data-bg-color=\"\" data-bg-opacity=\"1\" data-animation=\"grow-in\" data-delay=\"0\" >\n\t\t<div class=\"vc_column-inner\" >\n\t\t\t<div class=\"wpb_wrapper\">\n\t\t\t\t\n<div class=\"wpb_text_column wpb_content_element\" >\n\t<div class=\"wpb_wrapper\">\n\t\t<h2>Polityka Prywatno\u015bci dla Positive Perspective Hypnotherapy<\/h2>\n<p>Na stronie <a href=\"https:\/\/positiveperspectivehypnotherapy.co.uk\/pl\/\">positiveperspectivehypnotherapy.co.uk<\/a>dost\u0119pnej pod adresem <a href=\"https:\/\/positiveperspectivehypnotherapy.co.uk\/pl\/\">https:\/\/positiveperspectivehypnotherapy.co.uk\/<\/a>jednym z naszych g\u0142\u00f3wnych priorytet\u00f3w jest prywatno\u015b\u0107 naszych odwiedzaj\u0105cych. Dokument Polityki Prywatno\u015bci zawiera informacje na temat rodzaj\u00f3w danych, kt\u00f3re s\u0105 zbierane i rejestrowane przez <a href=\"https:\/\/positiveperspectivehypnotherapy.co.uk\/pl\/\">positiveperspectivehypnotherapy.co.uk<\/a> oraz sposobu ich wykorzystywania.<\/p>\n<p>Je\u015bli masz dodatkowe pytania lub potrzebujesz wi\u0119cej informacji na temat naszej Polityki Prywatno\u015bci, nie wahaj si\u0119 skontaktowa\u0107 z nami.<\/p>\n<p>Polityka prywatno\u015bci dotyczy tylko naszych dzia\u0142a\u0144 online i jest wa\u017cna dla odwiedzaj\u0105cych nasz\u0105 stron\u0119 internetow\u0105 w odniesieniu do informacji, kt\u00f3re udost\u0119pniaj\u0105 i\/lub zbieraj\u0105 na stronie <a href=\"https:\/\/positiveperspectivehypnotherapy.co.uk\/pl\/\">positiveperspectivehypnotherapy.co.uk<\/a> Polityka ta nie ma zastosowania do informacji zbieranych offline lub za po\u015brednictwem innych kana\u0142\u00f3w ni\u017c ta strona internetowa.<\/p>\n<h2>Zgoda<\/h2>\n<p>Korzystaj\u0105c z naszej strony internetowej, wyra\u017casz zgod\u0119 na nasz\u0105 Polityk\u0119 Prywatno\u015bci i akceptujesz jej warunki.<\/p>\n<h2>Informacje, kt\u00f3re zbieramy<\/h2>\n<p>Do cel\u00f3w wysy\u0142ki i statystycznych zbieramy informacje takie jak imi\u0119 i nazwisko, adres e-mail, numer telefonu, tre\u015b\u0107 wiadomo\u015bci i\/lub za\u0142\u0105czniki, kt\u00f3re nam wysy\u0142asz, oraz inne informacje, kt\u00f3re zdecydujesz si\u0119 nam przekaza\u0107.<\/p>\n<p>Podczas rejestracji na konto, mo\u017cemy poprosi\u0107 o dane kontaktowe, w tym takie elementy jak imi\u0119, nazwa firmy, adres, adres e-mail i numer telefonu.<\/p>\n<h2>Jak wykorzystujemy Twoje informacje<\/h2>\n<p>Wykorzystujemy zebrane informacje na r\u00f3\u017cne sposoby, w tym:<\/p>\n<ul>\n<li>Aby zapewni\u0107, obs\u0142ugiwa\u0107 i utrzymywa\u0107 nasz\u0105 stron\u0119 internetow\u0105<\/li>\n<li>Aby poprawi\u0107, spersonalizowa\u0107 i rozszerzy\u0107 nasz\u0105 stron\u0119 internetow\u0105<\/li>\n<li>Aby zrozumie\u0107 i analizowa\u0107, jak korzystasz z naszej strony internetowej<\/li>\n<li>Aby opracowa\u0107 nowe produkty, us\u0142ugi, funkcje i funkcjonalno\u015bci<\/li>\n<li>Aby komunikowa\u0107 si\u0119 z Tob\u0105, bezpo\u015brednio lub za po\u015brednictwem naszych partner\u00f3w, w tym w celu obs\u0142ugi klienta, dostarczania aktualno\u015bci i innych informacji zwi\u0105zanych ze stron\u0105 internetow\u0105, a tak\u017ce w celach marketingowych i promocyjnych<\/li>\n<li>Aby wysy\u0142a\u0107 Ci e-maile<\/li>\n<li>Aby znale\u017a\u0107 i zapobiec oszustwom<\/li>\n<\/ul>\n<h2>Pliki dziennika<\/h2>\n<p><a href=\"https:\/\/positiveperspectivehypnotherapy.co.uk\/pl\/\">positiveperspectivehypnotherapy.co.uk<\/a> stosuje standardow\u0105 procedur\u0119 u\u017cywania plik\u00f3w dziennika. Te pliki rejestruj\u0105 odwiedzaj\u0105cych, gdy odwiedzaj\u0105 strony internetowe. Wszystkie firmy hostingowe robi\u0105 to w ramach us\u0142ug hostingowych i analiz. Informacje zbierane przez pliki dziennika obejmuj\u0105 adresy protoko\u0142\u00f3w internetowych (IP), typ przegl\u0105darki, dostawc\u0119 us\u0142ug internetowych (ISP), dat\u0119 i godzin\u0119, strony odsy\u0142aj\u0105ce\/wyj\u015bciowe oraz ewentualnie liczb\u0119 klikni\u0119\u0107. Informacje te nie s\u0105 powi\u0105zane z \u017cadnymi informacjami, kt\u00f3re mog\u0105 zosta\u0107 zidentyfikowane osobi\u015bcie. Celem tych informacji jest analiza trend\u00f3w, administracja stron\u0105, \u015bledzenie ruchu u\u017cytkownik\u00f3w na stronie oraz zbieranie danych demograficznych.<\/p>\n<h2>Polityki prywatno\u015bci stron trzecich<\/h2>\n<p><a href=\"https:\/\/positiveperspectivehypnotherapy.co.uk\/pl\/\">positiveperspectivehypnotherapy.co.uk<\/a>ie dotyczy innych reklamodawc\u00f3w ani stron internetowych. Dlatego zalecamy zapoznanie si\u0119 z odpowiednimi Politykami Prywatno\u015bci tych stron trzecich, aby uzyska\u0107 bardziej szczeg\u00f3\u0142owe informacje. Mo\u017ce to obejmowa\u0107 ich praktyki i instrukcje dotycz\u0105ce rezygnacji z okre\u015blonych opcji.<\/p>\n<p>Mo\u017cesz wy\u0142\u0105czy\u0107 pliki cookie za pomoc\u0105 opcji w swojej przegl\u0105darce. Aby dowiedzie\u0107 si\u0119, jak zarz\u0105dza\u0107 plikami cookie w konkretnych przegl\u0105darkach, zapoznaj si\u0119 z ich stronami internetowymi.<\/p>\n<h2>Prawa prywatno\u015bci CCPA (Nie sprzedawaj moich danych osobowych)<\/h2>\n<p>Masz prawo do:<\/p>\n<p>- \u017b\u0105dania ujawnienia przez firm\u0119 kategorii i konkretnych danych osobowych, kt\u00f3re firma zebra\u0142a o konsumentach.<\/p>\n<p>- \u017b\u0105dania usuni\u0119cia danych osobowych konsumenta, kt\u00f3re firma zebra\u0142a.<\/p>\n<p>- \u017b\u0105dania, aby firma, kt\u00f3ra sprzedaje dane osobowe konsumenta, nie sprzedawa\u0142a tych danych.<\/p>\n<p>Je\u015bli z\u0142o\u017cysz takie \u017c\u0105danie, mamy miesi\u0105c na odpowied\u017a. Je\u015bli chcesz skorzysta\u0107 z kt\u00f3regokolwiek z tych praw, skontaktuj si\u0119 z nami.<\/p>\n<h2>Prawa ochrony danych GDPR<\/h2>\n<p>Chcieliby\u015bmy upewni\u0107 si\u0119, \u017ce jeste\u015b w pe\u0142ni \u015bwiadomy wszystkich swoich praw ochrony danych. Ka\u017cdy u\u017cytkownik ma prawo do:<\/p>\n<ul>\n<li>Prawo dost\u0119pu \u2013 masz prawo do \u017c\u0105dania kopii swoich danych osobowych. Mo\u017cemy pobra\u0107 niewielk\u0105 op\u0142at\u0119 za t\u0119 us\u0142ug\u0119.<\/li>\n<li>Prawo do sprostowania \u2013 masz prawo do \u017c\u0105dania, aby\u015bmy poprawili wszelkie informacje, kt\u00f3re uwa\u017casz za nieprawid\u0142owe. Masz r\u00f3wnie\u017c prawo do \u017c\u0105dania, aby\u015bmy uzupe\u0142nili informacje, kt\u00f3re uwa\u017casz za niepe\u0142ne.<\/li>\n<li>Prawo do usuni\u0119cia \u2013 masz prawo do \u017c\u0105dania usuni\u0119cia swoich danych osobowych, pod warunkiem spe\u0142nienia okre\u015blonych warunk\u00f3w.<\/li>\n<li>Prawo do ograniczenia przetwarzania \u2013 masz prawo do \u017c\u0105dania, aby\u015bmy ograniczyli przetwarzanie Twoich danych osobowych, pod okre\u015blonymi warunkami.<\/li>\n<li>Prawo do sprzeciwu wobec przetwarzania \u2013 masz prawo do sprzeciwu wobec przetwarzania Twoich danych osobowych, pod okre\u015blonymi warunkami.<\/li>\n<li>Prawo do przenoszenia danych \u2013 masz prawo do \u017c\u0105dania, aby\u015bmy przenie\u015bli dane, kt\u00f3re zebrali\u015bmy, do innej organizacji lub bezpo\u015brednio do Ciebie, pod okre\u015blonymi warunkami.<\/li>\n<\/ul>\n<p>Je\u015bli z\u0142o\u017cysz takie \u017c\u0105danie, mamy miesi\u0105c na odpowied\u017a. Je\u015bli chcesz skorzysta\u0107 z kt\u00f3regokolwiek z tych praw, skontaktuj si\u0119 z nami.<\/p>\n<h2>Informacje - dzieci<\/h2>\n<p>Innym elementem naszej polityki jest zapewnienie ochrony dzieciom podczas korzystania z internetu. Zach\u0119camy rodzic\u00f3w i opiekun\u00f3w do obserwowania, uczestniczenia w oraz monitorowania i kierowania aktywno\u015bci\u0105 dzieci w sieci.<\/p>\n<p><a href=\"https:\/\/positiveperspectivehypnotherapy.co.uk\/pl\/\">positiveperspectivehypnotherapy.co.uk<\/a> nie zbiera \u015bwiadomie \u017cadnych danych osobowych od dzieci poni\u017cej 13. roku \u017cycia. Je\u015bli uwa\u017casz, \u017ce Twoje dziecko dostarczy\u0142o takie informacje na naszej stronie internetowej, zach\u0119camy Ci\u0119 do niezw\u0142ocznego skontaktowania si\u0119 z nami, a my do\u0142o\u017cymy wszelkich stara\u0144, aby jak najszybciej usun\u0105\u0107 takie informacje z naszych danych.<\/p>\n\t<\/div>\n<\/div>\n\n\n\n\n\t\t\t<\/div> \n\t\t<\/div>\n\t<\/div> \n<\/div><\/div>","protected":false},"excerpt":{"rendered":"Privacy Policy for Positive Perspective Hypnotherapy At positiveperspectivehypnotherapy.co.uk, accessible from https:\/\/positiveperspectivehypnotherapy.co.uk\/, one of our main priorities is the privacy of our visitors. This Privacy Policy document contains types of information...","protected":false},"author":1,"featured_media":0,"parent":0,"menu_order":0,"comment_status":"closed","ping_status":"open","template":"","meta":{"footnotes":""},"class_list":["post-3","page","type-page","status-publish"],"yoast_head":"<!-- This site is optimized with the Yoast SEO plugin v26.6 - https:\/\/yoast.com\/wordpress\/plugins\/seo\/ -->\n<title>Privacy Policy - Hypnotherapy Online - Hipnoterapia Online UK, London, Hertfordshire<\/title>\n<meta name=\"robots\" content=\"noindex, nofollow\" \/>\n<script type=\"application\/ld+json\" class=\"yoast-schema-graph\">{\"@context\":\"https:\/\/schema.org\",\"@graph\":[{\"@type\":\"WebPage\",\"@id\":\"https:\/\/positiveperspectivehypnotherapy.co.uk\/pl\/privacy-policy\/\",\"url\":\"https:\/\/positiveperspectivehypnotherapy.co.uk\/pl\/privacy-policy\/\",\"name\":\"Privacy Policy - Hypnotherapy Online - Hipnoterapia Online UK, London, Hertfordshire\",\"isPartOf\":{\"@id\":\"https:\/\/positiveperspectivehypnotherapy.co.uk\/#website\"},\"datePublished\":\"2024-08-15T11:03:43+00:00\",\"dateModified\":\"2024-10-24T10:39:17+00:00\",\"breadcrumb\":{\"@id\":\"https:\/\/positiveperspectivehypnotherapy.co.uk\/pl\/privacy-policy\/#breadcrumb\"},\"inLanguage\":\"pl-PL\",\"potentialAction\":[{\"@type\":\"ReadAction\",\"target\":[\"https:\/\/positiveperspectivehypnotherapy.co.uk\/pl\/privacy-policy\/\"]}]},{\"@type\":\"BreadcrumbList\",\"@id\":\"https:\/\/positiveperspectivehypnotherapy.co.uk\/pl\/privacy-policy\/#breadcrumb\",\"itemListElement\":[{\"@type\":\"ListItem\",\"position\":1,\"name\":\"Home\",\"item\":\"https:\/\/positiveperspectivehypnotherapy.co.uk\/\"},{\"@type\":\"ListItem\",\"position\":2,\"name\":\"Privacy Policy\"}]},{\"@type\":\"WebSite\",\"@id\":\"https:\/\/positiveperspectivehypnotherapy.co.uk\/#website\",\"url\":\"https:\/\/positiveperspectivehypnotherapy.co.uk\/\",\"name\":\"Hypnotherapy Sessions London\",\"description\":\"Clinical Hypnotherapy with Marta Watroba - Support for Stress, Anxiety, Confidence, Grief, Phobia, Trauma - Online. UK, London &amp; Hertfordshire\",\"publisher\":{\"@id\":\"https:\/\/positiveperspectivehypnotherapy.co.uk\/#organization\"},\"alternateName\":\"London Hypnotherapy Online\",\"potentialAction\":[{\"@type\":\"SearchAction\",\"target\":{\"@type\":\"EntryPoint\",\"urlTemplate\":\"https:\/\/positiveperspectivehypnotherapy.co.uk\/?s={search_term_string}\"},\"query-input\":{\"@type\":\"PropertyValueSpecification\",\"valueRequired\":true,\"valueName\":\"search_term_string\"}}],\"inLanguage\":\"pl-PL\"},{\"@type\":\"Organization\",\"@id\":\"https:\/\/positiveperspectivehypnotherapy.co.uk\/#organization\",\"name\":\"Hypnotherapy Sessions London\",\"alternateName\":\"London Hypnotherapy Online\",\"url\":\"https:\/\/positiveperspectivehypnotherapy.co.uk\/\",\"logo\":{\"@type\":\"ImageObject\",\"inLanguage\":\"pl-PL\",\"@id\":\"https:\/\/positiveperspectivehypnotherapy.co.uk\/#\/schema\/logo\/image\/\",\"url\":\"https:\/\/positiveperspectivehypnotherapy.co.uk\/wp-content\/uploads\/2024\/10\/hypnotherapy-logo-dark.png\",\"contentUrl\":\"https:\/\/positiveperspectivehypnotherapy.co.uk\/wp-content\/uploads\/2024\/10\/hypnotherapy-logo-dark.png\",\"width\":1281,\"height\":430,\"caption\":\"Hypnotherapy Sessions London\"},\"image\":{\"@id\":\"https:\/\/positiveperspectivehypnotherapy.co.uk\/#\/schema\/logo\/image\/\"},\"sameAs\":[\"https:\/\/www.facebook.com\/positiveperspectivehypnotherapy\",\"https:\/\/www.instagram.com\/martawatroba_\/\"]}]}<\/script>\n<!-- \/ Yoast SEO plugin. -->","yoast_head_json":{"title":"Privacy Policy - Hypnotherapy Online - Hipnoterapia Online UK, London, Hertfordshire","robots":{"index":"noindex","follow":"nofollow"},"schema":{"@context":"https:\/\/schema.org","@graph":[{"@type":"WebPage","@id":"https:\/\/positiveperspectivehypnotherapy.co.uk\/pl\/privacy-policy\/","url":"https:\/\/positiveperspectivehypnotherapy.co.uk\/pl\/privacy-policy\/","name":"Privacy Policy - Hypnotherapy Online - Hipnoterapia Online UK, London, Hertfordshire","isPartOf":{"@id":"https:\/\/positiveperspectivehypnotherapy.co.uk\/#website"},"datePublished":"2024-08-15T11:03:43+00:00","dateModified":"2024-10-24T10:39:17+00:00","breadcrumb":{"@id":"https:\/\/positiveperspectivehypnotherapy.co.uk\/pl\/privacy-policy\/#breadcrumb"},"inLanguage":"pl-PL","potentialAction":[{"@type":"ReadAction","target":["https:\/\/positiveperspectivehypnotherapy.co.uk\/pl\/privacy-policy\/"]}]},{"@type":"BreadcrumbList","@id":"https:\/\/positiveperspectivehypnotherapy.co.uk\/pl\/privacy-policy\/#breadcrumb","itemListElement":[{"@type":"ListItem","position":1,"name":"Home","item":"https:\/\/positiveperspectivehypnotherapy.co.uk\/"},{"@type":"ListItem","position":2,"name":"Privacy Policy"}]},{"@type":"WebSite","@id":"https:\/\/positiveperspectivehypnotherapy.co.uk\/#website","url":"https:\/\/positiveperspectivehypnotherapy.co.uk\/","name":"Hypnotherapy Sessions London","description":"Clinical Hypnotherapy with Marta Watroba - Support for Stress, Anxiety, Confidence, Grief, Phobia, Trauma - Online. UK, London &amp; Hertfordshire","publisher":{"@id":"https:\/\/positiveperspectivehypnotherapy.co.uk\/#organization"},"alternateName":"London Hypnotherapy Online","potentialAction":[{"@type":"SearchAction","target":{"@type":"EntryPoint","urlTemplate":"https:\/\/positiveperspectivehypnotherapy.co.uk\/?s={search_term_string}"},"query-input":{"@type":"PropertyValueSpecification","valueRequired":true,"valueName":"search_term_string"}}],"inLanguage":"pl-PL"},{"@type":"Organization","@id":"https:\/\/positiveperspectivehypnotherapy.co.uk\/#organization","name":"Hypnotherapy Sessions London","alternateName":"London Hypnotherapy Online","url":"https:\/\/positiveperspectivehypnotherapy.co.uk\/","logo":{"@type":"ImageObject","inLanguage":"pl-PL","@id":"https:\/\/positiveperspectivehypnotherapy.co.uk\/#\/schema\/logo\/image\/","url":"https:\/\/positiveperspectivehypnotherapy.co.uk\/wp-content\/uploads\/2024\/10\/hypnotherapy-logo-dark.png","contentUrl":"https:\/\/positiveperspectivehypnotherapy.co.uk\/wp-content\/uploads\/2024\/10\/hypnotherapy-logo-dark.png","width":1281,"height":430,"caption":"Hypnotherapy Sessions London"},"image":{"@id":"https:\/\/positiveperspectivehypnotherapy.co.uk\/#\/schema\/logo\/image\/"},"sameAs":["https:\/\/www.facebook.com\/positiveperspectivehypnotherapy","https:\/\/www.instagram.com\/martawatroba_\/"]}]}},"_links":{"self":[{"href":"https:\/\/positiveperspectivehypnotherapy.co.uk\/pl\/wp-json\/wp\/v2\/pages\/3","targetHints":{"allow":["GET"]}}],"collection":[{"href":"https:\/\/positiveperspectivehypnotherapy.co.uk\/pl\/wp-json\/wp\/v2\/pages"}],"about":[{"href":"https:\/\/positiveperspectivehypnotherapy.co.uk\/pl\/wp-json\/wp\/v2\/types\/page"}],"author":[{"embeddable":true,"href":"https:\/\/positiveperspectivehypnotherapy.co.uk\/pl\/wp-json\/wp\/v2\/users\/1"}],"replies":[{"embeddable":true,"href":"https:\/\/positiveperspectivehypnotherapy.co.uk\/pl\/wp-json\/wp\/v2\/comments?post=3"}],"version-history":[{"count":8,"href":"https:\/\/positiveperspectivehypnotherapy.co.uk\/pl\/wp-json\/wp\/v2\/pages\/3\/revisions"}],"predecessor-version":[{"id":697,"href":"https:\/\/positiveperspectivehypnotherapy.co.uk\/pl\/wp-json\/wp\/v2\/pages\/3\/revisions\/697"}],"wp:attachment":[{"href":"https:\/\/positiveperspectivehypnotherapy.co.uk\/pl\/wp-json\/wp\/v2\/media?parent=3"}],"curies":[{"name":"wp","href":"https:\/\/api.w.org\/{rel}","templated":true}]}}