{"id":452,"date":"2024-10-15T14:56:36","date_gmt":"2024-10-15T13:56:36","guid":{"rendered":"https:\/\/positiveperspectivehypnotherapy.co.uk\/?page_id=452"},"modified":"2024-10-24T11:38:06","modified_gmt":"2024-10-24T10:38:06","slug":"cookie-policy","status":"publish","type":"page","link":"https:\/\/positiveperspectivehypnotherapy.co.uk\/pl\/cookie-policy\/","title":{"rendered":"Polityka Ciasteczek"},"content":{"rendered":"<div id=\"fws_69f314ab90fc1\"  data-column-margin=\"default\" data-midnight=\"dark\"  class=\"wpb_row vc_row-fluid vc_row  bottom_margin_3pct\"  style=\"padding-top: 0px; padding-bottom: 0px; \"><div class=\"row-bg-wrap\" data-bg-animation=\"none\" data-bg-animation-delay=\"\" data-bg-overlay=\"false\"><div class=\"inner-wrap row-bg-layer\" ><div class=\"row-bg viewport-desktop\"  style=\"\"><\/div><\/div><\/div><div class=\"row_col_wrap_12 col span_12 dark left\">\n\t<div  class=\"vc_col-sm-12 wpb_column column_container vc_column_container col has-animation no-extra-padding inherit_tablet inherit_phone\"  data-padding-pos=\"all\" data-has-bg-color=\"false\" data-bg-color=\"\" data-bg-opacity=\"1\" data-animation=\"grow-in\" data-delay=\"0\" >\n\t\t<div class=\"vc_column-inner\" >\n\t\t\t<div class=\"wpb_wrapper\">\n\t\t\t\t\n<div class=\"wpb_text_column wpb_content_element\" >\n\t<div class=\"wpb_wrapper\">\n\t\t<div>W tej Polityce Ciasteczek przedstawiamy szczeg\u00f3\u0142owe informacje na temat tego, w jaki spos\u00f3b <a href=\"https:\/\/positiveperspectivehypnotherapy.co.uk\/pl\/\">positiveperspectivehypnotherapy.co.uk<\/a> (dalej \"my\" lub \"nasze\") podejmuje dzia\u0142ania w celu zapewnienia bezpiecze\u0144stwa danych osobowych oraz ochrony praw odwiedzaj\u0105cych i u\u017cytkownik\u00f3w stron internetowych (dalej \"Odwiedzaj\u0105cy\", \"Ty\") podczas korzystania z naszej strony internetowej, w tym, ale nie tylko, <a href=\"https:\/\/positiveperspectivehypnotherapy.co.uk\/pl\/\">https:\/\/positiveperspectivehypnotherapy.co.uk\/<\/a>\u00a0(dalej \"Strona\") oraz zawarto\u015bci na niej.<\/div>\n<div>\n<h2>Co to jest ciasteczko?<\/h2>\n<div>Ciasteczko to ma\u0142y plik umieszczany na Twoim urz\u0105dzeniu, kt\u00f3ry umo\u017cliwia funkcje i dzia\u0142anie naszej Strony. Na przyk\u0142ad, ciasteczka pozwalaj\u0105 nam zidentyfikowa\u0107 Twoje urz\u0105dzenie i zapewni\u0107 dost\u0119p do Strony. Ciasteczka pozwalaj\u0105 tak\u017ce Stronie zapami\u0119ta\u0107 informacje o Twoim przegl\u0105daniu i rozpozna\u0107 Ci\u0119 przy nast\u0119pnej wizycie. Dzi\u0119ki temu mo\u017cemy zaoferowa\u0107 Ci wygodniejsze i bardziej przyjazne do\u015bwiadczenie podczas korzystania ze Strony.<\/div>\n<\/div>\n<div>\n<h2>Dlaczego u\u017cywamy ciasteczek?<\/h2>\n<div>U\u017cywamy ciasteczek w nast\u0119puj\u0105cych celach:<\/div>\n<ul>\n<li>Aby zapewni\u0107 efektywne i bezpieczne dzia\u0142anie Strony. U\u017cywamy ciasteczek, aby umo\u017cliwi\u0107 i wspiera\u0107 nasze funkcje bezpiecze\u0144stwa oraz pom\u00f3c wykrywa\u0107 z\u0142o\u015bliw\u0105 aktywno\u015b\u0107 na naszej Stronie.<\/li>\n<li>Aby rozumie\u0107, ulepsza\u0107 i bada\u0107 produkty, funkcje i us\u0142ugi, w tym kiedy odwiedzasz nasz\u0105 Stron\u0119 z innych stron internetowych lub urz\u0105dze\u0144, takich jak komputer lub urz\u0105dzenie mobilne.<\/li>\n<li>Aby rozpozna\u0107 powracaj\u0105cych odwiedzaj\u0105cych nasz\u0105 Stron\u0119. Ciasteczka pomagaj\u0105 nam wy\u015bwietli\u0107 odpowiednie informacje i spersonalizowa\u0107 Twoje do\u015bwiadczenia. Ciasteczka pomagaj\u0105 tak\u017ce unikn\u0105\u0107 ponownej rejestracji lub ponownego wype\u0142niania formularzy za ka\u017cdym razem, gdy odwiedzasz Stron\u0119.<\/li>\n<li>Aby analizowa\u0107 Twoje nawyki, tak aby Strona by\u0142a wygodna, efektywna i spe\u0142nia\u0142a Twoje potrzeby i oczekiwania.<\/li>\n<li>Aby mierzy\u0107 przep\u0142ywy informacji i danych przesy\u0142anych do naszej Strony. U\u017cywamy ciasteczek do gromadzenia danych statystycznych na temat liczby u\u017cytkownik\u00f3w Strony oraz ich korzystania z niej.<\/li>\n<\/ul>\n<\/div>\n<div>\n<h2>Jakie ciasteczka stosujemy?<\/h2>\n<div>Za ka\u017cdym razem, gdy odwiedzasz nasz\u0105 Stron\u0119, mog\u0105 zosta\u0107 utworzone ciasteczka d\u0142ugoterminowe (trwa\u0142e), kt\u00f3re pozostaj\u0105 w Twojej przegl\u0105darce po zarejestrowaniu si\u0119 i b\u0119d\u0105 przez nas odczytywane przy nast\u0119pnej wizycie na Stronie. Ciasteczka kr\u00f3tkoterminowe (sesyjne) wygasaj\u0105 lub s\u0105 usuwane po zako\u0144czeniu przegl\u0105dania Strony (zwykle trwaj\u0105 one podczas bie\u017c\u0105cej wizyty na Stronie lub sesji przegl\u0105dania).<\/div>\n<div>Ciasteczka u\u017cywane przez nasz\u0105 Firm\u0119:<\/div>\n<ul>\n<li>Ciasteczka \u015bci\u015ble wymagane lub niezb\u0119dne: Te ciasteczka s\u0105 niezb\u0119dne do funkcjonowania naszej Strony. Obejmuj\u0105 one na przyk\u0142ad ciasteczka, kt\u00f3re umo\u017cliwiaj\u0105 przechowywanie informacji wprowadzonych przez Ciebie podczas sesji przegl\u0105dania, umo\u017cliwiaj\u0105 dost\u0119p do zabezpieczonych obszar\u00f3w naszej Strony. Bez tych ciasteczek dzia\u0142anie Strony by\u0142oby niemo\u017cliwe lub jej funkcjonowanie mog\u0142oby zosta\u0107 powa\u017cnie zak\u0142\u00f3cone.<\/li>\n<li>Ciasteczka preferencji: U\u0142atwiaj\u0105 one dzia\u0142anie naszej Strony i sprawiaj\u0105, \u017ce korzystanie z niej jest \u0142atwiejsze. Te ciasteczka zapami\u0119tuj\u0105 ustawienia wybrane przez Odwiedzaj\u0105cych (na przyk\u0142ad ustawienia j\u0119zyka lub waluty). Dzi\u0119ki tym ciasteczkom Odwiedzaj\u0105cy mog\u0105 unika\u0107 konieczno\u015bci zmiany ustawie\u0144 przy ka\u017cdej wizycie na Stronie. Te ciasteczka zapami\u0119tuj\u0105 r\u00f3wnie\u017c zmiany dokonane przez Ciebie na Stronie (na przyk\u0142ad, gdy zostawiasz komentarz). Te ciasteczka nie \u015bledz\u0105 Twojego zachowania na innych stronach internetowych.<\/li>\n<li>Ciasteczka analityczne i statystyczne: Te ciasteczka pozwalaj\u0105 nam sprawdzi\u0107, czy Odwiedzaj\u0105cy ju\u017c wcze\u015bniej odwiedzi\u0142 nasz\u0105 Stron\u0119. Ciasteczka analityczne pozwalaj\u0105 nam rozpozna\u0107 i zliczy\u0107 liczb\u0119 u\u017cytkownik\u00f3w naszej Strony oraz \u015bledzi\u0107, jak u\u017cytkownicy poruszaj\u0105 si\u0119 po Stronie. U\u017cywamy r\u00f3wnie\u017c ciasteczek, aby rozumie\u0107, ulepsza\u0107 i bada\u0107 nasze produkty, funkcje i us\u0142ugi. Na przyk\u0142ad, ciasteczka analityczne mog\u0105 pokaza\u0107 nam, kt\u00f3re strony s\u0105 odwiedzane najcz\u0119\u015bciej, pomagaj\u0105 nam rejestrowa\u0107 usterki Strony itp.<\/li>\n<\/ul>\n<div>Ciasteczka stron trzecich:<\/div>\n<ul>\n<li>U\u017cywamy Google Analytics, us\u0142ugi analizy internetowej \u015bwiadczonej przez Google, Inc. (dalej \"Google\"). Informacje zbierane przez Google Analytics s\u0105 przesy\u0142ane i przechowywane przez Google. Google mo\u017ce przekaza\u0107 zebrane informacje do stron trzecich, je\u015bli wymaga tego prawo lub kiedy strony trzecie przetwarzaj\u0105 informacje w imieniu Google. Zalecamy regularne zapoznawanie si\u0119 z Polityk\u0105 prywatno\u015bci i ciasteczek Google.<\/li>\n<\/ul>\n<\/div>\n<div>\n<h2>Jak odm\u00f3wi\u0107 lub zablokowa\u0107 ciasteczka?<\/h2>\n<div>Wiele przegl\u0105darek internetowych jest ustawionych tak, aby automatycznie akceptowa\u0142y wszystkie ciasteczka. Odwiedzaj\u0105cy mog\u0105 wed\u0142ug w\u0142asnego uznania zarz\u0105dza\u0107, blokowa\u0107 lub usuwa\u0107 ciasteczka, je\u015bli ustawienia ich przegl\u0105darki lub urz\u0105dzenia na to pozwalaj\u0105. Niemniej jednak, je\u015bli odm\u00f3wisz lub zablokujesz ciasteczka lub inne podobne technologie, niekt\u00f3re funkcje Strony mog\u0105 sta\u0107 si\u0119 niedost\u0119pne lub mog\u0105 nie dzia\u0142a\u0107 poprawnie. Zwracamy uwag\u0119, \u017ce niezb\u0119dne ciasteczka s\u0105 kluczowe dla funkcjonowania Strony, a w przypadku Twoich sprzeciw\u00f3w niekt\u00f3re funkcje Strony mog\u0105 nie dzia\u0142a\u0107 lub dzia\u0142a\u0107 niew\u0142a\u015bciwie.\n\nMo\u017cesz za\u017c\u0105da\u0107, aby\u015bmy usun\u0119li wszystkie dane o Tobie, kt\u00f3re zosta\u0142y zebrane i przetworzone za pomoc\u0105 ciasteczek, kontaktuj\u0105c si\u0119 z nami pod adresem e-mail: <a href=\"mailto:contact@positiveperspectivehypnotherapy.co.uk\">contact@positiveperspectivehypnotherapy.co.uk<\/a>Mo\u017cesz r\u00f3wnie\u017c zrezygnowa\u0107 z Google Analytics, nie wp\u0142ywaj\u0105c na spos\u00f3b korzystania z naszej Strony. Wi\u0119cej informacji na temat rezygnacji z bycia \u015bledzonym przez Google Analytics we wszystkich stronach, kt\u00f3re odwiedzasz, znajdziesz na tej stronie Google: <a href=\"https:\/\/tools.google.com\/dlpage\/gaoptout\">https:\/\/tools.google.com\/dlpage\/gaoptout<\/a>Wi\u0119cej informacji na temat tego, jak usuwa\u0107 ciasteczka, a tak\u017ce innych przydatnych informacji dotycz\u0105cych u\u017cywania ciasteczek, znajdziesz na stronie\u00a0<a href=\"http:\/\/www.allaboutcookies.org\/\">http:\/\/www.allaboutcookies.org\/<\/a>.<\/div>\n<\/div>\n<div>\n<h2>Czy b\u0119dziemy aktualizowa\u0107 Polityk\u0119 Ciasteczek?<\/h2>\n<div>Ta Polityka Ciasteczek mo\u017ce by\u0107 od czasu do czasu aktualizowana. O wszelkich aktualizacjach poinformujemy Ci\u0119, udost\u0119pniaj\u0105c now\u0105 wersj\u0119 Polityki Ciasteczek. W zwi\u0105zku z tym zalecamy okresowe odwiedzanie naszej Strony, gdzie zawsze znajdziesz najnowsz\u0105 wersj\u0119 tej Polityki Ciasteczek. Polityka Ciasteczek zacznie obowi\u0105zywa\u0107 w dniu jej og\u0142oszenia na Stronie.<\/div>\n<\/div>\n\t<\/div>\n<\/div>\n\n\n\n\n\t\t\t<\/div> \n\t\t<\/div>\n\t<\/div> \n<\/div><\/div>","protected":false},"excerpt":{"rendered":"In this Cookie Policy we will provide you with detailed information on how positiveperspectivehypnotherapy.co.uk (hereinafter \u2013 the \u201cwe\u201d or \u201cour\u201d), shall undertake to ensure the security of personal information and...","protected":false},"author":1,"featured_media":0,"parent":0,"menu_order":0,"comment_status":"closed","ping_status":"closed","template":"","meta":{"footnotes":""},"class_list":["post-452","page","type-page","status-publish"],"yoast_head":"<!-- This site is optimized with the Yoast SEO plugin v26.6 - https:\/\/yoast.com\/wordpress\/plugins\/seo\/ -->\n<title>Cookie Policy - Hypnotherapy Online - Hipnoterapia Online UK, London, Hertfordshire<\/title>\n<meta name=\"robots\" content=\"noindex, nofollow\" \/>\n<script type=\"application\/ld+json\" class=\"yoast-schema-graph\">{\"@context\":\"https:\/\/schema.org\",\"@graph\":[{\"@type\":\"WebPage\",\"@id\":\"https:\/\/positiveperspectivehypnotherapy.co.uk\/pl\/cookie-policy\/\",\"url\":\"https:\/\/positiveperspectivehypnotherapy.co.uk\/pl\/cookie-policy\/\",\"name\":\"Cookie Policy - Hypnotherapy Online - Hipnoterapia Online UK, London, Hertfordshire\",\"isPartOf\":{\"@id\":\"https:\/\/positiveperspectivehypnotherapy.co.uk\/#website\"},\"datePublished\":\"2024-10-15T13:56:36+00:00\",\"dateModified\":\"2024-10-24T10:38:06+00:00\",\"breadcrumb\":{\"@id\":\"https:\/\/positiveperspectivehypnotherapy.co.uk\/pl\/cookie-policy\/#breadcrumb\"},\"inLanguage\":\"pl-PL\",\"potentialAction\":[{\"@type\":\"ReadAction\",\"target\":[\"https:\/\/positiveperspectivehypnotherapy.co.uk\/pl\/cookie-policy\/\"]}]},{\"@type\":\"BreadcrumbList\",\"@id\":\"https:\/\/positiveperspectivehypnotherapy.co.uk\/pl\/cookie-policy\/#breadcrumb\",\"itemListElement\":[{\"@type\":\"ListItem\",\"position\":1,\"name\":\"Home\",\"item\":\"https:\/\/positiveperspectivehypnotherapy.co.uk\/\"},{\"@type\":\"ListItem\",\"position\":2,\"name\":\"Cookie Policy\"}]},{\"@type\":\"WebSite\",\"@id\":\"https:\/\/positiveperspectivehypnotherapy.co.uk\/#website\",\"url\":\"https:\/\/positiveperspectivehypnotherapy.co.uk\/\",\"name\":\"Hypnotherapy Sessions London\",\"description\":\"Clinical Hypnotherapy with Marta Watroba - Support for Stress, Anxiety, Confidence, Grief, Phobia, Trauma - Online. UK, London &amp; Hertfordshire\",\"publisher\":{\"@id\":\"https:\/\/positiveperspectivehypnotherapy.co.uk\/#organization\"},\"alternateName\":\"London Hypnotherapy Online\",\"potentialAction\":[{\"@type\":\"SearchAction\",\"target\":{\"@type\":\"EntryPoint\",\"urlTemplate\":\"https:\/\/positiveperspectivehypnotherapy.co.uk\/?s={search_term_string}\"},\"query-input\":{\"@type\":\"PropertyValueSpecification\",\"valueRequired\":true,\"valueName\":\"search_term_string\"}}],\"inLanguage\":\"pl-PL\"},{\"@type\":\"Organization\",\"@id\":\"https:\/\/positiveperspectivehypnotherapy.co.uk\/#organization\",\"name\":\"Hypnotherapy Sessions London\",\"alternateName\":\"London Hypnotherapy Online\",\"url\":\"https:\/\/positiveperspectivehypnotherapy.co.uk\/\",\"logo\":{\"@type\":\"ImageObject\",\"inLanguage\":\"pl-PL\",\"@id\":\"https:\/\/positiveperspectivehypnotherapy.co.uk\/#\/schema\/logo\/image\/\",\"url\":\"https:\/\/positiveperspectivehypnotherapy.co.uk\/wp-content\/uploads\/2024\/10\/hypnotherapy-logo-dark.png\",\"contentUrl\":\"https:\/\/positiveperspectivehypnotherapy.co.uk\/wp-content\/uploads\/2024\/10\/hypnotherapy-logo-dark.png\",\"width\":1281,\"height\":430,\"caption\":\"Hypnotherapy Sessions London\"},\"image\":{\"@id\":\"https:\/\/positiveperspectivehypnotherapy.co.uk\/#\/schema\/logo\/image\/\"},\"sameAs\":[\"https:\/\/www.facebook.com\/positiveperspectivehypnotherapy\",\"https:\/\/www.instagram.com\/martawatroba_\/\"]}]}<\/script>\n<!-- \/ Yoast SEO plugin. -->","yoast_head_json":{"title":"Cookie Policy - Hypnotherapy Online - Hipnoterapia Online UK, London, Hertfordshire","robots":{"index":"noindex","follow":"nofollow"},"schema":{"@context":"https:\/\/schema.org","@graph":[{"@type":"WebPage","@id":"https:\/\/positiveperspectivehypnotherapy.co.uk\/pl\/cookie-policy\/","url":"https:\/\/positiveperspectivehypnotherapy.co.uk\/pl\/cookie-policy\/","name":"Cookie Policy - Hypnotherapy Online - Hipnoterapia Online UK, London, Hertfordshire","isPartOf":{"@id":"https:\/\/positiveperspectivehypnotherapy.co.uk\/#website"},"datePublished":"2024-10-15T13:56:36+00:00","dateModified":"2024-10-24T10:38:06+00:00","breadcrumb":{"@id":"https:\/\/positiveperspectivehypnotherapy.co.uk\/pl\/cookie-policy\/#breadcrumb"},"inLanguage":"pl-PL","potentialAction":[{"@type":"ReadAction","target":["https:\/\/positiveperspectivehypnotherapy.co.uk\/pl\/cookie-policy\/"]}]},{"@type":"BreadcrumbList","@id":"https:\/\/positiveperspectivehypnotherapy.co.uk\/pl\/cookie-policy\/#breadcrumb","itemListElement":[{"@type":"ListItem","position":1,"name":"Home","item":"https:\/\/positiveperspectivehypnotherapy.co.uk\/"},{"@type":"ListItem","position":2,"name":"Cookie Policy"}]},{"@type":"WebSite","@id":"https:\/\/positiveperspectivehypnotherapy.co.uk\/#website","url":"https:\/\/positiveperspectivehypnotherapy.co.uk\/","name":"Hypnotherapy Sessions London","description":"Clinical Hypnotherapy with Marta Watroba - Support for Stress, Anxiety, Confidence, Grief, Phobia, Trauma - Online. UK, London &amp; Hertfordshire","publisher":{"@id":"https:\/\/positiveperspectivehypnotherapy.co.uk\/#organization"},"alternateName":"London Hypnotherapy Online","potentialAction":[{"@type":"SearchAction","target":{"@type":"EntryPoint","urlTemplate":"https:\/\/positiveperspectivehypnotherapy.co.uk\/?s={search_term_string}"},"query-input":{"@type":"PropertyValueSpecification","valueRequired":true,"valueName":"search_term_string"}}],"inLanguage":"pl-PL"},{"@type":"Organization","@id":"https:\/\/positiveperspectivehypnotherapy.co.uk\/#organization","name":"Hypnotherapy Sessions London","alternateName":"London Hypnotherapy Online","url":"https:\/\/positiveperspectivehypnotherapy.co.uk\/","logo":{"@type":"ImageObject","inLanguage":"pl-PL","@id":"https:\/\/positiveperspectivehypnotherapy.co.uk\/#\/schema\/logo\/image\/","url":"https:\/\/positiveperspectivehypnotherapy.co.uk\/wp-content\/uploads\/2024\/10\/hypnotherapy-logo-dark.png","contentUrl":"https:\/\/positiveperspectivehypnotherapy.co.uk\/wp-content\/uploads\/2024\/10\/hypnotherapy-logo-dark.png","width":1281,"height":430,"caption":"Hypnotherapy Sessions London"},"image":{"@id":"https:\/\/positiveperspectivehypnotherapy.co.uk\/#\/schema\/logo\/image\/"},"sameAs":["https:\/\/www.facebook.com\/positiveperspectivehypnotherapy","https:\/\/www.instagram.com\/martawatroba_\/"]}]}},"_links":{"self":[{"href":"https:\/\/positiveperspectivehypnotherapy.co.uk\/pl\/wp-json\/wp\/v2\/pages\/452","targetHints":{"allow":["GET"]}}],"collection":[{"href":"https:\/\/positiveperspectivehypnotherapy.co.uk\/pl\/wp-json\/wp\/v2\/pages"}],"about":[{"href":"https:\/\/positiveperspectivehypnotherapy.co.uk\/pl\/wp-json\/wp\/v2\/types\/page"}],"author":[{"embeddable":true,"href":"https:\/\/positiveperspectivehypnotherapy.co.uk\/pl\/wp-json\/wp\/v2\/users\/1"}],"replies":[{"embeddable":true,"href":"https:\/\/positiveperspectivehypnotherapy.co.uk\/pl\/wp-json\/wp\/v2\/comments?post=452"}],"version-history":[{"count":5,"href":"https:\/\/positiveperspectivehypnotherapy.co.uk\/pl\/wp-json\/wp\/v2\/pages\/452\/revisions"}],"predecessor-version":[{"id":699,"href":"https:\/\/positiveperspectivehypnotherapy.co.uk\/pl\/wp-json\/wp\/v2\/pages\/452\/revisions\/699"}],"wp:attachment":[{"href":"https:\/\/positiveperspectivehypnotherapy.co.uk\/pl\/wp-json\/wp\/v2\/media?parent=452"}],"curies":[{"name":"wp","href":"https:\/\/api.w.org\/{rel}","templated":true}]}}