{"id":1319,"date":"2025-08-29T18:00:35","date_gmt":"2025-08-29T17:00:35","guid":{"rendered":"https:\/\/positiveperspectivehypnotherapy.co.uk\/?post_type=product&#038;p=1319"},"modified":"2026-02-12T23:52:36","modified_gmt":"2026-02-12T23:52:36","slug":"3-session-hypnotherapy-package","status":"publish","type":"product","link":"https:\/\/positiveperspectivehypnotherapy.co.uk\/pl\/shop\/3-session-hypnotherapy-package\/","title":{"rendered":"Pakiet Hipnoterapii - 3 sesje"},"content":{"rendered":"<div id=\"fws_69e4a0d1de9b4\"  data-column-margin=\"default\" data-midnight=\"dark\" data-top-percent=\"8%\" data-bottom-percent=\"8%\"  class=\"wpb_row vc_row-fluid vc_row full-width-section vc_row-o-equal-height vc_row-flex vc_row-o-content-middle  top_padding_phone_15pct bottom_padding_phone_15pct\"  style=\"padding-top: calc(100vw * 0.08); padding-bottom: calc(100vw * 0.08); \"><div class=\"row-bg-wrap\" data-bg-animation=\"none\" data-bg-animation-delay=\"\" data-bg-overlay=\"true\"><div class=\"inner-wrap row-bg-layer\" ><div class=\"row-bg viewport-desktop\"  style=\"\"><\/div><\/div><div class=\"row-bg-overlay row-bg-layer\" style=\"background-color:#949e91;  opacity: 0.3; \"><\/div><\/div><div class=\"nectar-shape-divider-wrap no-color\" style=\" height:200px;\"  data-height=\"200\" data-front=\"\" data-style=\"waves_opacity_alt\" data-position=\"top\" ><svg class=\"nectar-shape-divider\" aria-hidden=\"true\" fill=\"\" xmlns=\"http:\/\/www.w3.org\/2000\/svg\" viewbox=\"0 0 1000 300\" preserveaspectratio=\"none\">\n          <path d=\"M 1000 299 l 2 -279 c -155 -36 -310 135 -415 164 c -102.64 28.35 -149 -32 -232 -31 c -80 1 -142 53 -229 80 c -65.54 20.34 -101 15 -126 11.61 v 54.39 z\"><\/path> <path d=\"M 1000 286 l 2 -252 c -157 -43 -302 144 -405 178 c -101.11 33.38 -159 -47 -242 -46 c -80 1 -145.09 54.07 -229 87 c -65.21 25.59 -104.07 16.72 -126 10.61 v 22.39 z\"><\/path> <path d=\"M 1000 300 l 1 -230.29 c -217 -12.71 -300.47 129.15 -404 156.29 c -103 27 -174 -30 -257 -29 c -80 1 -130.09 37.07 -214 70 c -61.23 24 -108 15.61 -126 10.61 v 22.39 z\"><\/path>\n           <\/svg><\/div><div class=\"nectar-shape-divider-wrap no-color\" style=\" height:200px;\"  data-height=\"200\" data-front=\"\" data-style=\"waves_opacity_alt\" data-position=\"bottom\" ><svg class=\"nectar-shape-divider\" aria-hidden=\"true\" fill=\"\" xmlns=\"http:\/\/www.w3.org\/2000\/svg\" viewbox=\"0 0 1000 300\" preserveaspectratio=\"none\">\n          <path d=\"M 1000 299 l 2 -279 c -155 -36 -310 135 -415 164 c -102.64 28.35 -149 -32 -232 -31 c -80 1 -142 53 -229 80 c -65.54 20.34 -101 15 -126 11.61 v 54.39 z\"><\/path> <path d=\"M 1000 286 l 2 -252 c -157 -43 -302 144 -405 178 c -101.11 33.38 -159 -47 -242 -46 c -80 1 -145.09 54.07 -229 87 c -65.21 25.59 -104.07 16.72 -126 10.61 v 22.39 z\"><\/path> <path d=\"M 1000 300 l 1 -230.29 c -217 -12.71 -300.47 129.15 -404 156.29 c -103 27 -174 -30 -257 -29 c -80 1 -130.09 37.07 -214 70 c -61.23 24 -108 15.61 -126 10.61 v 22.39 z\"><\/path>\n           <\/svg><\/div><div class=\"row_col_wrap_12 col span_12 dark left\">\n\t<div  class=\"vc_col-sm-12 wpb_column column_container vc_column_container col has-animation no-extra-padding inherit_tablet inherit_phone\"  data-padding-pos=\"all\" data-has-bg-color=\"false\" data-bg-color=\"\" data-bg-opacity=\"1\" data-animation=\"grow-in\" data-delay=\"0\" >\n\t\t<div class=\"vc_column-inner\" >\n\t\t\t<div class=\"wpb_wrapper\">\n\t\t\t\t<div class=\"nectar-responsive-text nectar-link-underline-effect\" style=\"color: #000000;\"><h1 style=\"text-align: center\">Hipnoterapia<\/h1>\n<\/div>\n\t\t\t<\/div> \n\t\t<\/div>\n\t<\/div> \n<\/div><\/div>\n\t\t<div id=\"fws_69e4a0d1df21f\"  data-column-margin=\"default\" data-midnight=\"dark\" data-top-percent=\"2%\" data-bottom-percent=\"0.5%\"  class=\"wpb_row vc_row-fluid vc_row  top_margin_phone_15pct\"  style=\"padding-top: calc(100vw * 0.02); padding-bottom: calc(100vw * 0.00); \"><div class=\"row-bg-wrap\" data-bg-animation=\"none\" data-bg-animation-delay=\"\" data-bg-overlay=\"false\"><div class=\"inner-wrap row-bg-layer\" ><div class=\"row-bg viewport-desktop\"  style=\"\"><\/div><\/div><\/div><div class=\"row_col_wrap_12 col span_12 dark left\">\n\t<div  class=\"vc_col-sm-12 wpb_column column_container vc_column_container col has-animation no-extra-padding inherit_tablet inherit_phone\"  data-padding-pos=\"all\" data-has-bg-color=\"false\" data-bg-color=\"\" data-bg-opacity=\"1\" data-animation=\"grow-in\" data-delay=\"0\" >\n\t\t<div class=\"vc_column-inner\" >\n\t\t\t<div class=\"wpb_wrapper\">\n\t\t\t\t\n<div class=\"wpb_text_column wpb_content_element\" >\n\t<div class=\"wpb_wrapper\">\n\t\t<p data-start=\"2008\" data-end=\"2544\"><strong>Kliniczna Hipnoterapia<\/strong> to forma wsparcia, kt\u00f3ra \u0142\u0105czy <strong>kt\u00f3ra \u0142\u0105czy rozmow\u0119 terapeutyczn\u0105 ukierunkowan\u0105 na przysz\u0142o\u015b\u0107<\/strong> z wykorzystaniem stanu g\u0142\u0119bokiego relaksu i skupienia, zwanego <strong>hipnoz\u0105.<\/strong>Nie ma to nic wsp\u00f3lnego z hipnoz\u0105 sceniczn\u0105 \u2013 kliniczna hipnoterapia wykorzystuje wiedz\u0119 z zakresu psychologii i neuronauki, a tak\u017ce badania nad funkcjonowaniem m\u00f3zgu, aby wspiera\u0107 proces pozytywnej zmiany. W tym stanie umys\u0142 staje si\u0119 spokojniejszy i bardziej otwarty na nowe wzorce, a Ty mo\u017cesz w pe\u0142ni korzysta\u0107 z naturalnych predyspozycji swojego m\u00f3zgu do rozwoju i tworzenia wspieraj\u0105cych Ci\u0119 schemat\u00f3w.<\/p>\n<p data-start=\"2546\" data-end=\"2900\">To nie s\u0105 jednorazowe spotkania, lecz proces \u2013 forma terapii i regularnego wsparcia \u2013 w kt\u00f3rym krok po kroku wybierasz kierunek zgodny ze sob\u0105 i tym, czego naprawd\u0119 potrzebujesz. Dzi\u0119ki hipnoterapii nie tylko dajesz sobie przestrze\u0144 na relaks, zwolnienie i z\u0142apanie oddechu, ale tak\u017ce mo\u017cliwo\u015b\u0107 zatrzymania si\u0119 i zastanowienia, jak chcesz, by wygl\u0105da\u0142o Twoje \u017cycie.<\/p>\n<p data-start=\"2902\" data-end=\"3158\">Badania i do\u015bwiadczenia klient\u00f3w pokazuj\u0105, \u017ce sesje online s\u0105 r\u00f3wnie skuteczne jak spotkania twarz\u0105 w twarz. Ten format (hipnoterapia online) jest wygodny i komfortowy \u2013 oszcz\u0119dza czas i koszty, a co najwa\u017cniejsze, pozwala Ci \u0142\u0105czy\u0107 si\u0119 z miejsca, w kt\u00f3rym czujesz si\u0119 swobodnie.<\/p>\n<p data-start=\"3160\" data-end=\"3600\">Je\u015bli chcesz sprawdzi\u0107, czy ten rodzaj pracy jest dla Ciebie odpowiedni, zapraszam Ci\u0119 do um\u00f3wienia si\u0119 na <a href=\"https:\/\/positiveperspectivehypnotherapy.co.uk\/pl\/shop\/free-initial-consultation\/\">Bezp\u0142atn\u0105 Konsultacj\u0119 Wst\u0119pn\u0105<\/a>Sesje prowadzone s\u0105 w j\u0119zyku polskim lub angielskim.<\/p>\n<p data-start=\"3160\" data-end=\"3600\"><strong>Informacja dla klient\u00f3w spoza Wielkiej Brytanii:<\/strong> Jestem Kliniczn\u0105 Hipnoterapeutk\u0105 zarejestrowan\u0105 w Wielkiej Brytanii i podlegam brytyjskiemu prawu.<\/p>\n\t<\/div>\n<\/div>\n\n\n\n\n\t\t\t<\/div> \n\t\t<\/div>\n\t<\/div> \n<\/div><\/div>","protected":false},"excerpt":{"rendered":"<h2 data-start=\"637\" data-end=\"683\">Twoje \u0142agodne wprowadzenie do zmiany<\/h2>\n<p data-start=\"684\" data-end=\"908\"><strong data-start=\"323\" data-end=\"564\">Trzy sesje, aby pozna\u0107 moc hipnozy po\u0142\u0105czonej z rozmow\u0105 ukierunkowan\u0105 na rozwi\u0105zania - pocz\u0105tek, kt\u00f3ry daje Ci czas dla siebie, chwil\u0119 przerwy od codziennego zgie\u0142ku i bezpieczn\u0105 przestrze\u0144 do zasiania pierwszych ziaren zmiany.<\/strong><br data-start=\"564\" data-end=\"567\" \/>Dla niekt\u00f3rych mo\u017ce to oznacza\u0107 lepszy sen, wi\u0119kszy spok\u00f3j czy nowy spos\u00f3b radzenia sobie ze stresem. Dla innych - po prostu mo\u017cliwo\u015b\u0107 do\u015bwiadczenia, jak hipnoza i ukierunkowany dialog mog\u0105 dzia\u0142a\u0107 razem oraz czy chcieliby kontynuowa\u0107.<\/p>\n<h2 data-start=\"910\" data-end=\"930\"><strong data-start=\"910\" data-end=\"928\">Dla kogo?<\/strong><\/h2>\n<ul>\n<li data-start=\"421\" data-end=\"612\">Gdy potrzebujesz <strong data-start=\"430\" data-end=\"484\">szybkie wsparcie w sytuacjach, gdy czujesz stres<\/strong>, takich jak <strong data-start=\"494\" data-end=\"610\">exam preparation, public speaking, job interviews, driving tests, flying, dental visits anxiety, or medical appointments<\/strong><\/li>\n<li data-start=\"238\" data-end=\"286\">Chcesz zrobi\u0107 pierwszy krok w kierunku zmiany<\/li>\n<li data-start=\"289\" data-end=\"346\">Chcesz czu\u0107 si\u0119 bardziej spokojnie i w r\u00f3wnowadze na co dzie\u0144<\/li>\n<li data-start=\"349\" data-end=\"418\">Jeste\u015b ciekawa, jak ma\u0142e, regularne kroki mog\u0105 wnie\u015b\u0107 realn\u0105 zmian\u0119<\/li>\n<\/ul>\n<h2><strong data-start=\"1115\" data-end=\"1135\">Obszary wsparcia w hipnoterapii<\/strong><\/h2>\n<p>Hipnoterapia online mo\u017ce wspiera\u0107 Ci\u0119 w szerokim zakresie wyzwa\u0144, z kt\u00f3rymi wielu z nas mierzy si\u0119 na co dzie\u0144. Obejmuje to zarz\u0105dzanie <strong>stresem i redukcj\u0105 l\u0119ku, budowaniem pewno\u015bci siebie i poczucia w\u0142asnej warto\u015bci, odnajdywaniem motywacji i przezwyci\u0119\u017caniem prokrastynacji, a tak\u017ce popraw\u0105 snu i g\u0142\u0119bokim relaksem.<\/strong> Mo\u017ce r\u00f3wnie\u017c pom\u00f3c w <strong>fobiach i l\u0119kach, takich jak wyst\u0105pienia publiczne, latanie czy ig\u0142y, a tak\u017ce w budowaniu r\u00f3wnowagi emocjonalnej, uspokajaniu gonitwy my\u015bli oraz przetwarzaniu trudnych do\u015bwiadcze\u0144 czy traumy.<\/strong> Wiele os\u00f3b korzysta tak\u017ce z hipnoterapii, aby przygotowa\u0107 si\u0119 do wa\u017cnych moment\u00f3w, takich jak rozmowy kwalifikacyjne, egzaminy czy prezentacje, a tak\u017ce aby pracowa\u0107 z dolegliwo\u015bciami na styku umys\u0142u i cia\u0142a, takimi jak IBS, i <strong>aby prze\u0142amywa\u0107 niekorzystne nawyki, takie jak palenie czy jedzenie emocjonalne<\/strong>lub aby znale\u017a\u0107 wsparcie w czasie<strong> \u017ca\u0142oby i \u017cyciowych zmian<\/strong>.<\/p>\n<p data-start=\"1328\" data-end=\"1556\"><em data-start=\"1328\" data-end=\"1554\">Pe\u0142n\u0105 list\u0119 obszar\u00f3w, w kt\u00f3rych wspieram, znajdziesz na <a href=\"https:\/\/positiveperspectivehypnotherapy.co.uk\/pl\/hypnotherapy\/\">stronie Hipnoterapia<\/a> lub <a class=\"decorated-link cursor-pointer\" href=\"https:\/\/positiveperspectivehypnotherapy.co.uk\/pl\/contact\/\" rel=\"noopener\" data-start=\"1449\" data-end=\"1482\">skontaktuj si\u0119<\/a> bezpo\u015brednio, je\u015bli nie widzisz tutaj swojego wyzwania \u2014 z przyjemno\u015bci\u0105 powiem Ci, czy hipnoterapia mo\u017ce wesprze\u0107 Twoje potrzeby.<\/em><\/p>\n<p data-start=\"1558\" data-end=\"1579\"><strong data-start=\"1558\" data-end=\"1577\">Co zawiera ten pakiet<\/strong><\/p>\n<ul>\n<li data-start=\"1582\" data-end=\"1641\"><strong data-start=\"1582\" data-end=\"1639\">3 x Online Hypnotherapy Sessions (60 minutes each)<\/strong><\/li>\n<li data-start=\"1644\" data-end=\"1716\"><strong data-start=\"1644\" data-end=\"1681\">Plik audio z hipnoz\u0105 relaksaycjn\u0105 do domu<\/strong> aby Ci\u0119 wspiera\u0107 pomi\u0119dzy sesjami<\/li>\n<li data-start=\"1719\" data-end=\"1777\">Dopasowane strategie, kt\u00f3re pomog\u0105 zacz\u0105\u0107 zmienia\u0107 niekorzystne schematy<\/li>\n<li data-start=\"1780\" data-end=\"1824\">Profesjonalne wsparcie oparte na neuronauce<\/li>\n<\/ul>\n<p data-start=\"1826\" data-end=\"1907\"><em data-start=\"1826\" data-end=\"1905\">Kr\u00f3tki, ale skuteczny pocz\u0105tek, kt\u00f3ry pomaga otworzy\u0107 drzwi do nowych mo\u017cliwo\u015bci.<\/em><\/p>\n<p data-start=\"1909\" data-end=\"2236\"><strong data-start=\"1909\" data-end=\"1934\">Wa\u017cne informacje<\/strong><br data-start=\"1934\" data-end=\"1937\" \/>Prosz\u0119 pami\u0119ta\u0107, \u017ce indywidualne rezultaty mog\u0105 si\u0119 r\u00f3\u017cni\u0107. Liczba sesji w ka\u017cdym pakiecie nie stanowi gwarancji osi\u0105gni\u0119cia okre\u015blonego efektu, poniewa\u017c post\u0119py zale\u017c\u0105 od Twojej unikalnej sytuacji i cel\u00f3w.<br data-start=\"2117\" data-end=\"2120\" \/>Hipnoterapia jest podej\u015bciem komplementarnym i nie zast\u0119puje leczenia medycznego ani profesjonalnych porad zdrowotnych.<\/p>\n<p data-start=\"2238\" data-end=\"2350\"><strong data-start=\"2238\" data-end=\"2261\">Informacje dotycz\u0105ce rezerwacji<\/strong><br data-start=\"2261\" data-end=\"2264\" \/>Przed rozpocz\u0119ciem sesji wymagana jest pomy\u015blna <a href=\"https:\/\/positiveperspectivehypnotherapy.co.uk\/pl\/shop\/free-initial-consultation\/\"><strong data-start=\"2277\" data-end=\"2306\">Bezp\u0142atn\u0105 Konsultacj\u0119 Wst\u0119pn\u0105<\/strong><\/a> .<\/p>\n<ul>\n<li data-start=\"2353\" data-end=\"2465\">Je\u015bli w trakcie konsultacji oka\u017ce si\u0119, \u017ce hipnoterapia nie jest dla Ciebie odpowiednia, otrzymasz pe\u0142ny zwrot koszt\u00f3w.<\/li>\n<li data-start=\"2468\" data-end=\"2566\">Je\u015bli chcesz um\u00f3wi\u0107 si\u0119 na konsultacj\u0119 <strong data-start=\"2505\" data-end=\"2536\">przed zakupem pakietu<\/strong>to zapraszam, jest to \u015bwietny pierwszy krok.<\/li>\n<li data-start=\"2569\" data-end=\"2678\">Je\u015bli kupujesz kolejny pakiet, aby kontynuowa\u0107 swoj\u0105 drog\u0119 - dzi\u0119kuj\u0119 za Twoje zaufanie i zaanga\u017cowanie.<\/li>\n<\/ul>\n<p data-start=\"2680\" data-end=\"2923\"><strong data-start=\"2680\" data-end=\"2708\">Informacje dotycz\u0105ce odwo\u0142ania sesji<\/strong><br data-start=\"2708\" data-end=\"2711\" \/>Pakiety op\u0142acone z g\u00f3ry mog\u0105 by\u0107 zwr\u00f3cone tylko wtedy, je\u015bli zostan\u0105 odwo\u0142ane przed rozpocz\u0119ciem procesu, czyli pierwszej sesji.<\/p>\n<p data-start=\"2680\" data-end=\"2923\">Je\u015bli chcesz pozna\u0107 wi\u0119cej opcji sesji, pakiet\u00f3w to znajdziesz je <a href=\"https:\/\/positiveperspectivehypnotherapy.co.uk\/pl\/kategoria-produktu\/hypnotherapy-sessions\/\">tutaj.<\/a><\/p>","protected":false},"featured_media":1766,"template":"","meta":[],"product_brand":[],"product_cat":[19],"product_tag":[177,178,182,243,181,186,54,52,241,131,56,185,240,184,174,147,146,148,66,57,242,55,149,183,180,179],"class_list":{"0":"post-1319","1":"product","2":"type-product","3":"status-publish","4":"has-post-thumbnail","6":"product_cat-hypnotherapy-sessions","7":"product_tag-3-session-hypnotherapy-package","8":"product_tag-anxiety-support","9":"product_tag-beginner-hypnotherapy","10":"product_tag-clinical-hypnotherapy-london-and-hertfordshire","11":"product_tag-confidence-building","12":"product_tag-hipnoterapia-blisko-mnie","13":"product_tag-hipnoterapia-londyn","14":"product_tag-hipnoterapia-online","15":"product_tag-hipnoterapia-pl","16":"product_tag-hipnoterapia-po-polsku-online","17":"product_tag-hipnoterapia-uk","18":"product_tag-hipnoterapia-w-londynie","19":"product_tag-hipnoza","20":"product_tag-hipnoza-relaksacyjna","21":"product_tag-hypnotherapy-for-phobias","22":"product_tag-hypnotherapy-london","23":"product_tag-hypnotherapy-uk","24":"product_tag-marta-watroba-hypnotherapy","25":"product_tag-online-hipnoterapia","26":"product_tag-online-hypnotherapy","27":"product_tag-pakiet-sesji-hipnoterapia-online","28":"product_tag-polska-hipnoterapeutka-w-uk","29":"product_tag-positive-perspective-hypnotherapy","30":"product_tag-short-hypnotherapy-program","31":"product_tag-sleep-improvement","32":"product_tag-stress-relief","34":"first","35":"instock","36":"virtual","37":"purchasable","38":"product-type-simple"},"yoast_head":"<!-- This site is optimized with the Yoast SEO plugin v26.6 - https:\/\/yoast.com\/wordpress\/plugins\/seo\/ -->\n<title>Hypnotherapy Package \u2013 3 Sessions - Hypnotherapy Online - Hipnoterapia Online UK, London, Hertfordshire<\/title>\n<meta name=\"description\" content=\"Support with phobias, flying anxiety, dentist fear, medical visits and stressful events. 3 focused sessions with Marta Watroba, UK, London. Hipnoterapia.\" \/>\n<meta name=\"robots\" content=\"index, follow, max-snippet:-1, max-image-preview:large, max-video-preview:-1\" \/>\n<link rel=\"canonical\" href=\"https:\/\/positiveperspectivehypnotherapy.co.uk\/pl\/shop\/3-session-hypnotherapy-package\/\" \/>\n<script type=\"application\/ld+json\" class=\"yoast-schema-graph\">{\"@context\":\"https:\/\/schema.org\",\"@graph\":[{\"@type\":\"WebPage\",\"@id\":\"https:\/\/positiveperspectivehypnotherapy.co.uk\/shop\/3-session-hypnotherapy-package\/\",\"url\":\"https:\/\/positiveperspectivehypnotherapy.co.uk\/shop\/3-session-hypnotherapy-package\/\",\"name\":\"Hypnotherapy Package \u2013 3 Sessions - Hypnotherapy Online - Hipnoterapia Online UK, London, Hertfordshire\",\"isPartOf\":{\"@id\":\"https:\/\/positiveperspectivehypnotherapy.co.uk\/#website\"},\"primaryImageOfPage\":{\"@id\":\"https:\/\/positiveperspectivehypnotherapy.co.uk\/shop\/3-session-hypnotherapy-package\/#primaryimage\"},\"image\":{\"@id\":\"https:\/\/positiveperspectivehypnotherapy.co.uk\/shop\/3-session-hypnotherapy-package\/#primaryimage\"},\"thumbnailUrl\":\"https:\/\/positiveperspectivehypnotherapy.co.uk\/wp-content\/uploads\/2026\/01\/hypnotherapy-package-3-sessions-3-sesje-hipnoterapia-online.png\",\"datePublished\":\"2025-08-29T17:00:35+00:00\",\"dateModified\":\"2026-02-12T23:52:36+00:00\",\"description\":\"Support with phobias, flying anxiety, dentist fear, medical visits and stressful events. 3 focused sessions with Marta Watroba, UK, London. Hipnoterapia.\",\"breadcrumb\":{\"@id\":\"https:\/\/positiveperspectivehypnotherapy.co.uk\/shop\/3-session-hypnotherapy-package\/#breadcrumb\"},\"inLanguage\":\"pl-PL\",\"potentialAction\":[{\"@type\":\"ReadAction\",\"target\":[\"https:\/\/positiveperspectivehypnotherapy.co.uk\/shop\/3-session-hypnotherapy-package\/\"]}]},{\"@type\":\"ImageObject\",\"inLanguage\":\"pl-PL\",\"@id\":\"https:\/\/positiveperspectivehypnotherapy.co.uk\/shop\/3-session-hypnotherapy-package\/#primaryimage\",\"url\":\"https:\/\/positiveperspectivehypnotherapy.co.uk\/wp-content\/uploads\/2026\/01\/hypnotherapy-package-3-sessions-3-sesje-hipnoterapia-online.png\",\"contentUrl\":\"https:\/\/positiveperspectivehypnotherapy.co.uk\/wp-content\/uploads\/2026\/01\/hypnotherapy-package-3-sessions-3-sesje-hipnoterapia-online.png\",\"width\":1080,\"height\":1080,\"caption\":\"Hypnotherapy Sessions for dental phobia, injections phobia, flying phobia, performance anxiety. Marta Watroba, Positive Perspective Hypnotherapy. Hipnoterapia UK, Londyn, Hipnoza po polsku\"},{\"@type\":\"BreadcrumbList\",\"@id\":\"https:\/\/positiveperspectivehypnotherapy.co.uk\/shop\/3-session-hypnotherapy-package\/#breadcrumb\",\"itemListElement\":[{\"@type\":\"ListItem\",\"position\":1,\"name\":\"Home\",\"item\":\"https:\/\/positiveperspectivehypnotherapy.co.uk\/\"},{\"@type\":\"ListItem\",\"position\":2,\"name\":\"Online Hypnotherapy &#038; Hypnosis &#8211; London, Hertfordshire &#038; across UK\",\"item\":\"https:\/\/positiveperspectivehypnotherapy.co.uk\/shop\/\"},{\"@type\":\"ListItem\",\"position\":3,\"name\":\"Hypnotherapy Package \u2013 3 Sessions\"}]},{\"@type\":\"WebSite\",\"@id\":\"https:\/\/positiveperspectivehypnotherapy.co.uk\/#website\",\"url\":\"https:\/\/positiveperspectivehypnotherapy.co.uk\/\",\"name\":\"Hypnotherapy Sessions London\",\"description\":\"Clinical Hypnotherapy with Marta Watroba - Support for Stress, Anxiety, Confidence, Grief, Phobia, Trauma - Online. UK, London &amp; Hertfordshire\",\"publisher\":{\"@id\":\"https:\/\/positiveperspectivehypnotherapy.co.uk\/#organization\"},\"alternateName\":\"London Hypnotherapy Online\",\"potentialAction\":[{\"@type\":\"SearchAction\",\"target\":{\"@type\":\"EntryPoint\",\"urlTemplate\":\"https:\/\/positiveperspectivehypnotherapy.co.uk\/?s={search_term_string}\"},\"query-input\":{\"@type\":\"PropertyValueSpecification\",\"valueRequired\":true,\"valueName\":\"search_term_string\"}}],\"inLanguage\":\"pl-PL\"},{\"@type\":\"Organization\",\"@id\":\"https:\/\/positiveperspectivehypnotherapy.co.uk\/#organization\",\"name\":\"Hypnotherapy Sessions London\",\"alternateName\":\"London Hypnotherapy Online\",\"url\":\"https:\/\/positiveperspectivehypnotherapy.co.uk\/\",\"logo\":{\"@type\":\"ImageObject\",\"inLanguage\":\"pl-PL\",\"@id\":\"https:\/\/positiveperspectivehypnotherapy.co.uk\/#\/schema\/logo\/image\/\",\"url\":\"https:\/\/positiveperspectivehypnotherapy.co.uk\/wp-content\/uploads\/2024\/10\/hypnotherapy-logo-dark.png\",\"contentUrl\":\"https:\/\/positiveperspectivehypnotherapy.co.uk\/wp-content\/uploads\/2024\/10\/hypnotherapy-logo-dark.png\",\"width\":1281,\"height\":430,\"caption\":\"Hypnotherapy Sessions London\"},\"image\":{\"@id\":\"https:\/\/positiveperspectivehypnotherapy.co.uk\/#\/schema\/logo\/image\/\"},\"sameAs\":[\"https:\/\/www.facebook.com\/positiveperspectivehypnotherapy\",\"https:\/\/www.instagram.com\/martawatroba_\/\"]}]}<\/script>\n<!-- \/ Yoast SEO plugin. -->","yoast_head_json":{"title":"Hypnotherapy Package \u2013 3 Sessions - Hypnotherapy Online - Hipnoterapia Online UK, London, Hertfordshire","description":"Support with phobias, flying anxiety, dentist fear, medical visits and stressful events. 3 focused sessions with Marta Watroba, UK, London. Hipnoterapia.","robots":{"index":"index","follow":"follow","max-snippet":"max-snippet:-1","max-image-preview":"max-image-preview:large","max-video-preview":"max-video-preview:-1"},"canonical":"https:\/\/positiveperspectivehypnotherapy.co.uk\/pl\/shop\/3-session-hypnotherapy-package\/","schema":{"@context":"https:\/\/schema.org","@graph":[{"@type":"WebPage","@id":"https:\/\/positiveperspectivehypnotherapy.co.uk\/shop\/3-session-hypnotherapy-package\/","url":"https:\/\/positiveperspectivehypnotherapy.co.uk\/shop\/3-session-hypnotherapy-package\/","name":"Hypnotherapy Package \u2013 3 Sessions - Hypnotherapy Online - Hipnoterapia Online UK, London, Hertfordshire","isPartOf":{"@id":"https:\/\/positiveperspectivehypnotherapy.co.uk\/#website"},"primaryImageOfPage":{"@id":"https:\/\/positiveperspectivehypnotherapy.co.uk\/shop\/3-session-hypnotherapy-package\/#primaryimage"},"image":{"@id":"https:\/\/positiveperspectivehypnotherapy.co.uk\/shop\/3-session-hypnotherapy-package\/#primaryimage"},"thumbnailUrl":"https:\/\/positiveperspectivehypnotherapy.co.uk\/wp-content\/uploads\/2026\/01\/hypnotherapy-package-3-sessions-3-sesje-hipnoterapia-online.png","datePublished":"2025-08-29T17:00:35+00:00","dateModified":"2026-02-12T23:52:36+00:00","description":"Support with phobias, flying anxiety, dentist fear, medical visits and stressful events. 3 focused sessions with Marta Watroba, UK, London. Hipnoterapia.","breadcrumb":{"@id":"https:\/\/positiveperspectivehypnotherapy.co.uk\/shop\/3-session-hypnotherapy-package\/#breadcrumb"},"inLanguage":"pl-PL","potentialAction":[{"@type":"ReadAction","target":["https:\/\/positiveperspectivehypnotherapy.co.uk\/shop\/3-session-hypnotherapy-package\/"]}]},{"@type":"ImageObject","inLanguage":"pl-PL","@id":"https:\/\/positiveperspectivehypnotherapy.co.uk\/shop\/3-session-hypnotherapy-package\/#primaryimage","url":"https:\/\/positiveperspectivehypnotherapy.co.uk\/wp-content\/uploads\/2026\/01\/hypnotherapy-package-3-sessions-3-sesje-hipnoterapia-online.png","contentUrl":"https:\/\/positiveperspectivehypnotherapy.co.uk\/wp-content\/uploads\/2026\/01\/hypnotherapy-package-3-sessions-3-sesje-hipnoterapia-online.png","width":1080,"height":1080,"caption":"Hypnotherapy Sessions for dental phobia, injections phobia, flying phobia, performance anxiety. Marta Watroba, Positive Perspective Hypnotherapy. Hipnoterapia UK, Londyn, Hipnoza po polsku"},{"@type":"BreadcrumbList","@id":"https:\/\/positiveperspectivehypnotherapy.co.uk\/shop\/3-session-hypnotherapy-package\/#breadcrumb","itemListElement":[{"@type":"ListItem","position":1,"name":"Home","item":"https:\/\/positiveperspectivehypnotherapy.co.uk\/"},{"@type":"ListItem","position":2,"name":"Online Hypnotherapy &#038; Hypnosis &#8211; London, Hertfordshire &#038; across UK","item":"https:\/\/positiveperspectivehypnotherapy.co.uk\/shop\/"},{"@type":"ListItem","position":3,"name":"Hypnotherapy Package \u2013 3 Sessions"}]},{"@type":"WebSite","@id":"https:\/\/positiveperspectivehypnotherapy.co.uk\/#website","url":"https:\/\/positiveperspectivehypnotherapy.co.uk\/","name":"Hypnotherapy Sessions London","description":"Clinical Hypnotherapy with Marta Watroba - Support for Stress, Anxiety, Confidence, Grief, Phobia, Trauma - Online. UK, London &amp; Hertfordshire","publisher":{"@id":"https:\/\/positiveperspectivehypnotherapy.co.uk\/#organization"},"alternateName":"London Hypnotherapy Online","potentialAction":[{"@type":"SearchAction","target":{"@type":"EntryPoint","urlTemplate":"https:\/\/positiveperspectivehypnotherapy.co.uk\/?s={search_term_string}"},"query-input":{"@type":"PropertyValueSpecification","valueRequired":true,"valueName":"search_term_string"}}],"inLanguage":"pl-PL"},{"@type":"Organization","@id":"https:\/\/positiveperspectivehypnotherapy.co.uk\/#organization","name":"Hypnotherapy Sessions London","alternateName":"London Hypnotherapy Online","url":"https:\/\/positiveperspectivehypnotherapy.co.uk\/","logo":{"@type":"ImageObject","inLanguage":"pl-PL","@id":"https:\/\/positiveperspectivehypnotherapy.co.uk\/#\/schema\/logo\/image\/","url":"https:\/\/positiveperspectivehypnotherapy.co.uk\/wp-content\/uploads\/2024\/10\/hypnotherapy-logo-dark.png","contentUrl":"https:\/\/positiveperspectivehypnotherapy.co.uk\/wp-content\/uploads\/2024\/10\/hypnotherapy-logo-dark.png","width":1281,"height":430,"caption":"Hypnotherapy Sessions London"},"image":{"@id":"https:\/\/positiveperspectivehypnotherapy.co.uk\/#\/schema\/logo\/image\/"},"sameAs":["https:\/\/www.facebook.com\/positiveperspectivehypnotherapy","https:\/\/www.instagram.com\/martawatroba_\/"]}]}},"_links":{"self":[{"href":"https:\/\/positiveperspectivehypnotherapy.co.uk\/pl\/wp-json\/wp\/v2\/product\/1319","targetHints":{"allow":["GET"]}}],"collection":[{"href":"https:\/\/positiveperspectivehypnotherapy.co.uk\/pl\/wp-json\/wp\/v2\/product"}],"about":[{"href":"https:\/\/positiveperspectivehypnotherapy.co.uk\/pl\/wp-json\/wp\/v2\/types\/product"}],"wp:featuredmedia":[{"embeddable":true,"href":"https:\/\/positiveperspectivehypnotherapy.co.uk\/pl\/wp-json\/wp\/v2\/media\/1766"}],"wp:attachment":[{"href":"https:\/\/positiveperspectivehypnotherapy.co.uk\/pl\/wp-json\/wp\/v2\/media?parent=1319"}],"wp:term":[{"taxonomy":"product_brand","embeddable":true,"href":"https:\/\/positiveperspectivehypnotherapy.co.uk\/pl\/wp-json\/wp\/v2\/product_brand?post=1319"},{"taxonomy":"product_cat","embeddable":true,"href":"https:\/\/positiveperspectivehypnotherapy.co.uk\/pl\/wp-json\/wp\/v2\/product_cat?post=1319"},{"taxonomy":"product_tag","embeddable":true,"href":"https:\/\/positiveperspectivehypnotherapy.co.uk\/pl\/wp-json\/wp\/v2\/product_tag?post=1319"}],"curies":[{"name":"wp","href":"https:\/\/api.w.org\/{rel}","templated":true}]}}