{"id":1727,"date":"2025-11-16T18:53:47","date_gmt":"2025-11-16T18:53:47","guid":{"rendered":"https:\/\/positiveperspectivehypnotherapy.co.uk\/?post_type=product&#038;p=1727"},"modified":"2026-04-17T21:44:39","modified_gmt":"2026-04-17T20:44:39","slug":"group-relaxation-hypnosis","status":"publish","type":"product","link":"https:\/\/positiveperspectivehypnotherapy.co.uk\/pl\/shop\/group-relaxation-hypnosis\/","title":{"rendered":"HIPNOZA Relaksacyjna \u2013 Sesje Grupowe (Online)"},"content":{"rendered":"<div id=\"fws_69e4afce5a606\"  data-column-margin=\"default\" data-midnight=\"dark\" data-top-percent=\"8%\" data-bottom-percent=\"8%\"  class=\"wpb_row vc_row-fluid vc_row full-width-section vc_row-o-equal-height vc_row-flex vc_row-o-content-middle  top_padding_phone_15pct bottom_padding_phone_15pct\"  style=\"padding-top: calc(100vw * 0.08); padding-bottom: calc(100vw * 0.08); \"><div class=\"row-bg-wrap\" data-bg-animation=\"none\" data-bg-animation-delay=\"\" data-bg-overlay=\"true\"><div class=\"inner-wrap row-bg-layer\" ><div class=\"row-bg viewport-desktop\"  style=\"\"><\/div><\/div><div class=\"row-bg-overlay row-bg-layer\" style=\"background-color:#949e91;  opacity: 0.3; \"><\/div><\/div><div class=\"nectar-shape-divider-wrap no-color\" style=\" height:200px;\"  data-height=\"200\" data-front=\"\" data-style=\"waves_opacity_alt\" data-position=\"top\" ><svg class=\"nectar-shape-divider\" aria-hidden=\"true\" fill=\"\" xmlns=\"http:\/\/www.w3.org\/2000\/svg\" viewbox=\"0 0 1000 300\" preserveaspectratio=\"none\">\n          <path d=\"M 1000 299 l 2 -279 c -155 -36 -310 135 -415 164 c -102.64 28.35 -149 -32 -232 -31 c -80 1 -142 53 -229 80 c -65.54 20.34 -101 15 -126 11.61 v 54.39 z\"><\/path> <path d=\"M 1000 286 l 2 -252 c -157 -43 -302 144 -405 178 c -101.11 33.38 -159 -47 -242 -46 c -80 1 -145.09 54.07 -229 87 c -65.21 25.59 -104.07 16.72 -126 10.61 v 22.39 z\"><\/path> <path d=\"M 1000 300 l 1 -230.29 c -217 -12.71 -300.47 129.15 -404 156.29 c -103 27 -174 -30 -257 -29 c -80 1 -130.09 37.07 -214 70 c -61.23 24 -108 15.61 -126 10.61 v 22.39 z\"><\/path>\n           <\/svg><\/div><div class=\"nectar-shape-divider-wrap no-color\" style=\" height:200px;\"  data-height=\"200\" data-front=\"\" data-style=\"waves_opacity_alt\" data-position=\"bottom\" ><svg class=\"nectar-shape-divider\" aria-hidden=\"true\" fill=\"\" xmlns=\"http:\/\/www.w3.org\/2000\/svg\" viewbox=\"0 0 1000 300\" preserveaspectratio=\"none\">\n          <path d=\"M 1000 299 l 2 -279 c -155 -36 -310 135 -415 164 c -102.64 28.35 -149 -32 -232 -31 c -80 1 -142 53 -229 80 c -65.54 20.34 -101 15 -126 11.61 v 54.39 z\"><\/path> <path d=\"M 1000 286 l 2 -252 c -157 -43 -302 144 -405 178 c -101.11 33.38 -159 -47 -242 -46 c -80 1 -145.09 54.07 -229 87 c -65.21 25.59 -104.07 16.72 -126 10.61 v 22.39 z\"><\/path> <path d=\"M 1000 300 l 1 -230.29 c -217 -12.71 -300.47 129.15 -404 156.29 c -103 27 -174 -30 -257 -29 c -80 1 -130.09 37.07 -214 70 c -61.23 24 -108 15.61 -126 10.61 v 22.39 z\"><\/path>\n           <\/svg><\/div><div class=\"row_col_wrap_12 col span_12 dark left\">\n\t<div  class=\"vc_col-sm-12 wpb_column column_container vc_column_container col has-animation no-extra-padding inherit_tablet inherit_phone\"  data-padding-pos=\"all\" data-has-bg-color=\"false\" data-bg-color=\"\" data-bg-opacity=\"1\" data-animation=\"grow-in\" data-delay=\"0\" >\n\t\t<div class=\"vc_column-inner\" >\n\t\t\t<div class=\"wpb_wrapper\">\n\t\t\t\t<div class=\"nectar-responsive-text nectar-link-underline-effect\" style=\"color: #000000;\"><h1 style=\"text-align: center\">Kilka s\u0142\u00f3w o hipnoterapii indywidualnej<\/h1>\n<\/div>\n\t\t\t<\/div> \n\t\t<\/div>\n\t<\/div> \n<\/div><\/div>\n\t\t<div id=\"fws_69e4afce5afd7\"  data-column-margin=\"default\" data-midnight=\"dark\" data-top-percent=\"2%\" data-bottom-percent=\"0.5%\"  class=\"wpb_row vc_row-fluid vc_row  top_margin_phone_15pct\"  style=\"padding-top: calc(100vw * 0.02); padding-bottom: calc(100vw * 0.00); \"><div class=\"row-bg-wrap\" data-bg-animation=\"none\" data-bg-animation-delay=\"\" data-bg-overlay=\"false\"><div class=\"inner-wrap row-bg-layer\" ><div class=\"row-bg viewport-desktop\"  style=\"\"><\/div><\/div><\/div><div class=\"row_col_wrap_12 col span_12 dark left\">\n\t<div  class=\"vc_col-sm-12 wpb_column column_container vc_column_container col has-animation no-extra-padding inherit_tablet inherit_phone\"  data-padding-pos=\"all\" data-has-bg-color=\"false\" data-bg-color=\"\" data-bg-opacity=\"1\" data-animation=\"grow-in\" data-delay=\"0\" >\n\t\t<div class=\"vc_column-inner\" >\n\t\t\t<div class=\"wpb_wrapper\">\n\t\t\t\t\n<div class=\"wpb_text_column wpb_content_element\" >\n\t<div class=\"wpb_wrapper\">\n\t\t<p data-start=\"550\" data-end=\"788\" class=\"translation-block\">Hipnoterapia kliniczna to forma wsparcia, kt\u00f3ra \u0142\u0105czy rozmow\u0119 skierowan\u0105 na przysz\u0142o\u015b\u0107 ze spokojnym stanem relaksu, nazywanym hipnoz\u0105.\nTo bezpieczny, naturalny stan, w kt\u00f3rym umys\u0142 staje si\u0119 cichszy i bardziej otwarty na nowe, wspieraj\u0105ce wzorce.<\/p>\n<p data-start=\"790\" data-end=\"965\">Hipnoterapia nie jest jednorazow\u0105 sesj\u0105, lecz procesem terapeutycznym \u2013 przestrzeni\u0105, w kt\u00f3rej mo\u017cesz zwolni\u0107, odetchn\u0105\u0107, zatrzyma\u0107 si\u0119 na chwil\u0119 i wybra\u0107 kierunek, kt\u00f3ry naprawd\u0119 Ci odpowiada.<\/p>\n<p data-start=\"967\" data-end=\"1146\"><strong data-start=\"967\" data-end=\"1146\">Je\u015bli czujesz, \u017ce potrzebujesz bardziej indywidualnego wsparcia \u2013 czy to w obszarze stresu, l\u0119ku, snu, pewno\u015bci siebie, przeci\u0105\u017cenia emocjami albo konkretnego celu, nad kt\u00f3rym pracujesz \u2013 mo\u017cemy przyjrze\u0107 si\u0119 temu razem, w Twoim tempie. <\/strong>Serdecznie zapraszam Ci\u0119 do um\u00f3wienia si\u0119 na <a href=\"https:\/\/positiveperspectivehypnotherapy.co.uk\/pl\/shop\/free-initial-consultation\/\"><strong>Bezp\u0142atn\u0105 Konsultacj\u0119 Wst\u0119pn\u0105<\/strong><\/a>.<\/p>\n<p data-start=\"967\" data-end=\"1146\">Pracuj\u0119 online, zar\u00f3wno po angielsku, jak i po polsku.<\/p>\n<p data-start=\"1148\" data-end=\"1206\">Dla klientek spoza Wielkiej Brytanii: moja praca podlega brytyjskim standardom zawodowym i obowi\u0105zuj\u0105cym przepisom prawnym.<\/p>\n<h3 data-start=\"346\" data-end=\"366\"><strong data-start=\"350\" data-end=\"366\">Pomocne linki<\/strong><\/h3>\n<p data-start=\"368\" data-end=\"398\">Je\u015bli chcesz dowiedzie\u0107 si\u0119 wi\u0119cej:<\/p>\n<p data-start=\"400\" data-end=\"548\"><a href=\"https:\/\/positiveperspectivehypnotherapy.co.uk\/pl\/hypnotherapy\/\">\u2022 <strong data-start=\"402\" data-end=\"424\">Wi\u0119cej o hipnoterapii<\/strong><\/a><br data-start=\"458\" data-end=\"461\" \/><a href=\"https:\/\/positiveperspectivehypnotherapy.co.uk\/pl\/\">\u2022 <strong data-start=\"463\" data-end=\"476\">Strona g\u0142\u00f3wna<\/strong><\/a><br data-start=\"497\" data-end=\"500\" \/><a href=\"https:\/\/positiveperspectivehypnotherapy.co.uk\/pl\/faq\/\">\u2022 <strong data-start=\"502\" data-end=\"509\">Najcz\u0119stsze pytania<\/strong><\/a><\/p>\n\t<\/div>\n<\/div>\n\n\n\n\n\t\t\t<\/div> \n\t\t<\/div>\n\t<\/div> \n<\/div><\/div>","protected":false},"excerpt":{"rendered":"<h3>Trzy Wieczory - Trzy Chwile dla Siebie<\/h3>\n<p data-start=\"44\" data-end=\"205\">Bo ka\u017cda z nas potrzebuje regulacji i odpoczynku. W codziennym tempie jeste\u015bmy w ci\u0105g\u0142ym ruchu, w dzia\u0142aniu, my\u015bleniu, reagowaniu, a cia\u0142o i umys\u0142 pracuje dla nas ca\u0142y dzie\u0144. Te trzy wieczory s\u0105 zaproszeniem do \u015bwiadomego zatrzymania. Do chwili spokoju, resetu, odpoczynku. Do stworzenia warunk\u00f3w, w kt\u00f3rych uk\u0142ad nerwowy mo\u017ce zwolni\u0107 i wr\u00f3ci\u0107 do r\u00f3wnowagi. Z pomoc\u0105 hipnozy mo\u017cemy odpu\u015bci\u0107 wszelkie napi\u0119cia i da\u0107 cia\u0142u odpocz\u0105\u0107. Skierowa\u0107 uwag\u0119 do wewn\u0105trz.<\/p>\n<h3 data-start=\"485\" data-end=\"512\"><strong data-start=\"485\" data-end=\"512\">Dla kogo jest ten pakiet sesji?<\/strong><\/h3>\n<p data-start=\"514\" data-end=\"655\">Dla kobiet, kt\u00f3rym trudno na co dzie\u0144 si\u0119 zrelaksowa\u0107, zatrzyma\u0107 lub kt\u00f3re czuj\u0105 napi\u0119cie, nat\u0142ok my\u015bli, przebod\u017acowanie. Dla kobiet kt\u00f3re maj\u0105 trudno\u015b\u0107 z wyciszeniem si\u0119 wieczorem, zasypianiem lub wybudzaniem si\u0119 w nocy. Dla kobiet, kt\u00f3re potrzebuj\u0105 kr\u00f3tkiej, regularnej przestrzeni na reset - chwili tylko dla siebie. Ale tak\u017ce dla tych, kt\u00f3re lubi\u0105 dba\u0107 o swoj\u0105 codzienn\u0105 relaksacj\u0119 i regulacj\u0119.<\/p>\n<h3 data-start=\"981\" data-end=\"998\"><strong data-start=\"981\" data-end=\"998\">Hipnoza - \u0142agodna i przyjemna<\/strong><\/h3>\n<p data-start=\"1000\" data-end=\"1179\">Ma realny wp\u0142yw na uk\u0142ad nerwowy, szczeg\u00f3lnie na jego cz\u0119\u015b\u0107 autonomiczn\u0105, kt\u00f3ra reguluje oddech, rytm serca, napi\u0119cie mi\u0119\u015bni oraz poziom pobudzenia. W stanie hipnotycznego skupienia cia\u0142o mo\u017ce przej\u015b\u0107 z trybu ci\u0105g\u0142ej gotowo\u015bci w kierunku wi\u0119kszego wyciszenia i regeneracji. To nie jest utrata kontroli. To stan g\u0142\u0119bokiego, \u015bwiadomego skupienia - podobny do momentu, kiedy si\u0119 zamy\u015blasz i na chwil\u0119 odp\u0142ywasz my\u015blami. Ca\u0142y czas s\u0142yszysz m\u00f3j g\u0142os i w ka\u017cdej chwili mo\u017cesz otworzy\u0107 oczy. Wiele kobiet po sesjach m\u00f3wi o poczuciu wi\u0119kszego spokoju, \u0142agodzeniu objaw\u00f3w stresu i niepokoju oraz wyra\u017anym rozlu\u017anieniu cia\u0142a.<\/p>\n<h3 data-start=\"1751\" data-end=\"1794\"><strong data-start=\"1751\" data-end=\"1794\">Co mo\u017cesz poczu\u0107 po sesji<\/strong><\/h3>\n<p data-start=\"1796\" data-end=\"1848\">Ka\u017cda osoba do\u015bwiadcza hipnozy na sw\u00f3j w\u0142asny spos\u00f3b.<\/p>\n<p data-start=\"1850\" data-end=\"2028\">Cz\u0119sto pojawia si\u0119 jednak:<br data-start=\"1869\" data-end=\"1872\" \/>\u2022 spokojniejszy, g\u0142\u0119bszy oddech<br data-start=\"1898\" data-end=\"1901\" \/>\u2022 zmniejszenie napi\u0119cia w ciele<br data-start=\"1927\" data-end=\"1930\" \/>\u2022 wyciszenie my\u015bli<br data-start=\"1948\" data-end=\"1951\" \/>\u2022 poczucie lekko\u015bci i ulgi<br data-start=\"1984\" data-end=\"1987\" \/>\u2022 \u0142atwiejsze zasypianie po wieczornej sesji<\/p>\n<h3 data-start=\"2072\" data-end=\"2095\"><strong data-start=\"2072\" data-end=\"2095\">Jak wygl\u0105da cykl i spotkania<\/strong><\/h3>\n<p data-start=\"2097\" data-end=\"2166\">Spotykamy si\u0119 online na Zoomie - trzy razy po 30 minut, raz w tygodniu - w \u015brody wieczorem. \u0141\u0105czysz si\u0119 ze swojego miejsca na ziemii. Mo\u017cesz sobie wygodnie siedzie\u0107 lub le\u017ce\u0107. Mo\u017cesz te\u017c przykry\u0107 si\u0119 kocem, za\u0142o\u017cy\u0107 s\u0142uchawki. Kamery uczestniczek s\u0105 w\u0142\u0105czone co tworzy poczucie wsp\u00f3lnej, bezpiecznej przestrzeni.<\/p>\n<p data-start=\"2388\" data-end=\"2551\">Przez oko\u0142o 25 minut prowadz\u0119 Ci\u0119 w spokojny, reguluj\u0105cy stan hipnotycznej relaksacji. S\u0142uchasz mojego g\u0142osu ( gdybym mia\u0142a do czegokolwiek por\u00f3wna\u0107 ten format hipnozy, to przypomina prowadzon\u0105 medytacj\u0119). Nie ma tu presji ani oczekiwa\u0144. Nie musisz nic m\u00f3wi\u0107. Wystarczy, \u017ce jeste\u015b. Sesje s\u0105 w kameralnej grupie kobiet, kt\u00f3re - tak jak Ty - chc\u0105 na chwil\u0119 zwolni\u0107 i zadba\u0107 o sw\u00f3j spok\u00f3j.<\/p>\n<p data-start=\"0\" data-end=\"121\">Kilka s\u0142\u00f3w o mnie jako prowadz\u0105cej. Nazywam si\u0119 Marta W\u0105troba i jestem dyplomowan\u0105 i zarejestrowan\u0105 Kliniczn\u0105 Hipnoterapeutk\u0105 w Wielkiej Brytanii. Pracuj\u0119 zgodnie z najwy\u017cszymi standardami etycznymi. <a href=\"https:\/\/positiveperspectivehypnotherapy.co.uk\/pl\/hypnotherapy\/\">Poza hipnozami grupowymi prowadz\u0119 indywidulane procesy, sesje hipnoterapii 1:1.<\/a>.<\/p>\n<h3 data-start=\"6592\" data-end=\"6597\">Kiedy i o kt\u00f3rej si\u0119 spotykamy<\/h3>\n<p data-start=\"6599\" data-end=\"6706\">Daty kolejnych spotka\u0144 pojawi\u0105 si\u0119 wkr\u00f3tce. Wypatruj informacji :-)<\/p>\n<p data-start=\"6599\" data-end=\"6706\">\n<p data-start=\"6599\" data-end=\"6706\">Ka\u017cda spotkanie trwa oko\u0142o 30 minut (w tym oko\u0142o 25 minut hipnozy)<\/p>\n<p><strong>Ta edycja jest dla kobiet i w j\u0119zyku polskim.<\/strong><br data-start=\"6754\" data-end=\"6757\" \/>Je\u015bli chcesz zorganizowa\u0107 grup\u0119 angloj\u0119zyczn\u0105, skontaktuj si\u0119 ze mn\u0105. Lub je\u015bli masz grup\u0119 przyjaci\u00f3\u0142, zesp\u00f3\u0142 w pracy, dla kt\u00f3rego chcia\u0142aby\u015b\/chcia\u0142by\u015b zorganizowa\u0107 grupowe sesje hipnozy, napisz do mnie maila.<\/p>\n<h3 data-start=\"6801\" data-end=\"6806\">Cena za 3 sesje hipnozy<\/h3>\n<p data-start=\"6808\" data-end=\"6840\">\u00a345<\/p>\n<p data-start=\"6808\" data-end=\"6840\"><strong>Do zobaczenia!<\/strong><\/p>\n<hr data-start=\"1709\" data-end=\"1749\" \/>\n<h3 data-start=\"7161\" data-end=\"7168\">Zgoda<\/h3>\n<p data-start=\"7170\" data-end=\"7299\">Dokonuj\u0105c zakupu swojego miejsca, potwierdzasz ch\u0119\u0107 udzia\u0142u oraz to, \u017ce zapozna\u0142a\u015b si\u0119 z zasadami sesji oraz poni\u017cszym Regulaminem.<\/p>\n<p data-start=\"7301\" data-end=\"7340\"><strong data-start=\"257\" data-end=\"301\">Link do pe\u0142nego Regulaminu (PDF):<\/strong><\/p>\n<p data-start=\"7301\" data-end=\"7340\">\u2022 <strong data-start=\"353\" data-end=\"378\">Angielska wersja (PDF)<\/strong> \u2013 <a href=\"https:\/\/positiveperspectivehypnotherapy.co.uk\/wp-content\/uploads\/2025\/11\/TC-Live-Relaxation-Hypnosis-\u2013-Group-Sessions_ENG.pdf\"><em data-start=\"381\" data-end=\"396\">download here<\/em><\/a><br data-start=\"301\" data-end=\"304\" \/>\u2022 <strong data-start=\"306\" data-end=\"330\">Polska wersja (PDF)<\/strong> \u2013 <a href=\"https:\/\/positiveperspectivehypnotherapy.co.uk\/wp-content\/uploads\/2025\/11\/Regulamin-TC-Grupowe-Sesje-Relaksacyjnej-Hipnozy-na-Zywo.pdf\"><em data-start=\"333\" data-end=\"348\">pobierz tutaj <\/em><\/a><\/p>\n<h3 data-start=\"10174\" data-end=\"10228\"><\/h3>","protected":false},"featured_media":1765,"template":"","meta":[],"product_brand":[],"product_cat":[325,19],"product_tag":[312,111,319,321,322,122,323,304,320,118,184,315,219,305,306,307],"class_list":{"0":"post-1727","1":"product","2":"type-product","3":"status-publish","4":"has-post-thumbnail","6":"product_cat-hypnosis","7":"product_cat-hypnotherapy-sessions","8":"product_tag-delikatna-hipnoza","9":"product_tag-hipnoterapeutka-online","10":"product_tag-hipnoza-grupowa-dla-kobiet","11":"product_tag-hipnoza-londyn-uk","12":"product_tag-hipnoza-na-lepszy-sen","13":"product_tag-hipnoza-na-stres","14":"product_tag-hipnoza-na-uspokojenie","15":"product_tag-hipnoza-online","16":"product_tag-hipnoza-online-uk","17":"product_tag-hipnoza-po-polsku","18":"product_tag-hipnoza-relaksacyjna","19":"product_tag-regulacja-emocji","20":"product_tag-regulacja-ukladu-nerwowego","21":"product_tag-relaksacja-online","22":"product_tag-relaksacyjna-sesja-na-zywo","23":"product_tag-reset-ukladu-nerwowego","25":"first","26":"outofstock","27":"virtual","28":"sold-individually","29":"purchasable","30":"product-type-simple"},"yoast_head":"<!-- This site is optimized with the Yoast SEO plugin v26.6 - https:\/\/yoast.com\/wordpress\/plugins\/seo\/ -->\n<title>Relaxation Hypnosis - Group Sessions - Hypnotherapy Online - Hipnoterapia Online UK, London, Hertfordshire<\/title>\n<meta name=\"description\" content=\"Experience live online relaxation hypnosis sessions designed to calm the mind, release tension and support nervous system regulation. Hipnoza Online UK.\" \/>\n<meta name=\"robots\" content=\"index, follow, max-snippet:-1, max-image-preview:large, max-video-preview:-1\" \/>\n<link rel=\"canonical\" href=\"https:\/\/positiveperspectivehypnotherapy.co.uk\/pl\/shop\/group-relaxation-hypnosis\/\" \/>\n<script type=\"application\/ld+json\" class=\"yoast-schema-graph\">{\"@context\":\"https:\/\/schema.org\",\"@graph\":[{\"@type\":\"WebPage\",\"@id\":\"https:\/\/positiveperspectivehypnotherapy.co.uk\/shop\/group-relaxation-hypnosis\/\",\"url\":\"https:\/\/positiveperspectivehypnotherapy.co.uk\/shop\/group-relaxation-hypnosis\/\",\"name\":\"Relaxation Hypnosis - Group Sessions - Hypnotherapy Online - Hipnoterapia Online UK, London, Hertfordshire\",\"isPartOf\":{\"@id\":\"https:\/\/positiveperspectivehypnotherapy.co.uk\/#website\"},\"primaryImageOfPage\":{\"@id\":\"https:\/\/positiveperspectivehypnotherapy.co.uk\/shop\/group-relaxation-hypnosis\/#primaryimage\"},\"image\":{\"@id\":\"https:\/\/positiveperspectivehypnotherapy.co.uk\/shop\/group-relaxation-hypnosis\/#primaryimage\"},\"thumbnailUrl\":\"https:\/\/positiveperspectivehypnotherapy.co.uk\/wp-content\/uploads\/2026\/01\/hipnoza-relaksacyjna-po-polsku-uk-online.png\",\"datePublished\":\"2025-11-16T18:53:47+00:00\",\"dateModified\":\"2026-04-17T20:44:39+00:00\",\"description\":\"Experience live online relaxation hypnosis sessions designed to calm the mind, release tension and support nervous system regulation. Hipnoza Online UK.\",\"breadcrumb\":{\"@id\":\"https:\/\/positiveperspectivehypnotherapy.co.uk\/shop\/group-relaxation-hypnosis\/#breadcrumb\"},\"inLanguage\":\"pl-PL\",\"potentialAction\":[{\"@type\":\"ReadAction\",\"target\":[\"https:\/\/positiveperspectivehypnotherapy.co.uk\/shop\/group-relaxation-hypnosis\/\"]}]},{\"@type\":\"ImageObject\",\"inLanguage\":\"pl-PL\",\"@id\":\"https:\/\/positiveperspectivehypnotherapy.co.uk\/shop\/group-relaxation-hypnosis\/#primaryimage\",\"url\":\"https:\/\/positiveperspectivehypnotherapy.co.uk\/wp-content\/uploads\/2026\/01\/hipnoza-relaksacyjna-po-polsku-uk-online.png\",\"contentUrl\":\"https:\/\/positiveperspectivehypnotherapy.co.uk\/wp-content\/uploads\/2026\/01\/hipnoza-relaksacyjna-po-polsku-uk-online.png\",\"width\":1080,\"height\":1080,\"caption\":\"Hipnoza Relaksacyjna - Trzy wieczory dla ukladu nerwowego\"},{\"@type\":\"BreadcrumbList\",\"@id\":\"https:\/\/positiveperspectivehypnotherapy.co.uk\/shop\/group-relaxation-hypnosis\/#breadcrumb\",\"itemListElement\":[{\"@type\":\"ListItem\",\"position\":1,\"name\":\"Home\",\"item\":\"https:\/\/positiveperspectivehypnotherapy.co.uk\/\"},{\"@type\":\"ListItem\",\"position\":2,\"name\":\"Online Hypnotherapy &#038; Hypnosis &#8211; London, Hertfordshire &#038; across UK\",\"item\":\"https:\/\/positiveperspectivehypnotherapy.co.uk\/shop\/\"},{\"@type\":\"ListItem\",\"position\":3,\"name\":\"Relaxation Hypnosis &#8211; Group Sessions\"}]},{\"@type\":\"WebSite\",\"@id\":\"https:\/\/positiveperspectivehypnotherapy.co.uk\/#website\",\"url\":\"https:\/\/positiveperspectivehypnotherapy.co.uk\/\",\"name\":\"Hypnotherapy Sessions London\",\"description\":\"Clinical Hypnotherapy with Marta Watroba - Support for Stress, Anxiety, Confidence, Grief, Phobia, Trauma - Online. UK, London &amp; Hertfordshire\",\"publisher\":{\"@id\":\"https:\/\/positiveperspectivehypnotherapy.co.uk\/#organization\"},\"alternateName\":\"London Hypnotherapy Online\",\"potentialAction\":[{\"@type\":\"SearchAction\",\"target\":{\"@type\":\"EntryPoint\",\"urlTemplate\":\"https:\/\/positiveperspectivehypnotherapy.co.uk\/?s={search_term_string}\"},\"query-input\":{\"@type\":\"PropertyValueSpecification\",\"valueRequired\":true,\"valueName\":\"search_term_string\"}}],\"inLanguage\":\"pl-PL\"},{\"@type\":\"Organization\",\"@id\":\"https:\/\/positiveperspectivehypnotherapy.co.uk\/#organization\",\"name\":\"Hypnotherapy Sessions London\",\"alternateName\":\"London Hypnotherapy Online\",\"url\":\"https:\/\/positiveperspectivehypnotherapy.co.uk\/\",\"logo\":{\"@type\":\"ImageObject\",\"inLanguage\":\"pl-PL\",\"@id\":\"https:\/\/positiveperspectivehypnotherapy.co.uk\/#\/schema\/logo\/image\/\",\"url\":\"https:\/\/positiveperspectivehypnotherapy.co.uk\/wp-content\/uploads\/2024\/10\/hypnotherapy-logo-dark.png\",\"contentUrl\":\"https:\/\/positiveperspectivehypnotherapy.co.uk\/wp-content\/uploads\/2024\/10\/hypnotherapy-logo-dark.png\",\"width\":1281,\"height\":430,\"caption\":\"Hypnotherapy Sessions London\"},\"image\":{\"@id\":\"https:\/\/positiveperspectivehypnotherapy.co.uk\/#\/schema\/logo\/image\/\"},\"sameAs\":[\"https:\/\/www.facebook.com\/positiveperspectivehypnotherapy\",\"https:\/\/www.instagram.com\/martawatroba_\/\"]}]}<\/script>\n<!-- \/ Yoast SEO plugin. -->","yoast_head_json":{"title":"Relaxation Hypnosis - Group Sessions - Hypnotherapy Online - Hipnoterapia Online UK, London, Hertfordshire","description":"Experience live online relaxation hypnosis sessions designed to calm the mind, release tension and support nervous system regulation. Hipnoza Online UK.","robots":{"index":"index","follow":"follow","max-snippet":"max-snippet:-1","max-image-preview":"max-image-preview:large","max-video-preview":"max-video-preview:-1"},"canonical":"https:\/\/positiveperspectivehypnotherapy.co.uk\/pl\/shop\/group-relaxation-hypnosis\/","schema":{"@context":"https:\/\/schema.org","@graph":[{"@type":"WebPage","@id":"https:\/\/positiveperspectivehypnotherapy.co.uk\/shop\/group-relaxation-hypnosis\/","url":"https:\/\/positiveperspectivehypnotherapy.co.uk\/shop\/group-relaxation-hypnosis\/","name":"Relaxation Hypnosis - Group Sessions - Hypnotherapy Online - Hipnoterapia Online UK, London, Hertfordshire","isPartOf":{"@id":"https:\/\/positiveperspectivehypnotherapy.co.uk\/#website"},"primaryImageOfPage":{"@id":"https:\/\/positiveperspectivehypnotherapy.co.uk\/shop\/group-relaxation-hypnosis\/#primaryimage"},"image":{"@id":"https:\/\/positiveperspectivehypnotherapy.co.uk\/shop\/group-relaxation-hypnosis\/#primaryimage"},"thumbnailUrl":"https:\/\/positiveperspectivehypnotherapy.co.uk\/wp-content\/uploads\/2026\/01\/hipnoza-relaksacyjna-po-polsku-uk-online.png","datePublished":"2025-11-16T18:53:47+00:00","dateModified":"2026-04-17T20:44:39+00:00","description":"Experience live online relaxation hypnosis sessions designed to calm the mind, release tension and support nervous system regulation. Hipnoza Online UK.","breadcrumb":{"@id":"https:\/\/positiveperspectivehypnotherapy.co.uk\/shop\/group-relaxation-hypnosis\/#breadcrumb"},"inLanguage":"pl-PL","potentialAction":[{"@type":"ReadAction","target":["https:\/\/positiveperspectivehypnotherapy.co.uk\/shop\/group-relaxation-hypnosis\/"]}]},{"@type":"ImageObject","inLanguage":"pl-PL","@id":"https:\/\/positiveperspectivehypnotherapy.co.uk\/shop\/group-relaxation-hypnosis\/#primaryimage","url":"https:\/\/positiveperspectivehypnotherapy.co.uk\/wp-content\/uploads\/2026\/01\/hipnoza-relaksacyjna-po-polsku-uk-online.png","contentUrl":"https:\/\/positiveperspectivehypnotherapy.co.uk\/wp-content\/uploads\/2026\/01\/hipnoza-relaksacyjna-po-polsku-uk-online.png","width":1080,"height":1080,"caption":"Hipnoza Relaksacyjna - Trzy wieczory dla ukladu nerwowego"},{"@type":"BreadcrumbList","@id":"https:\/\/positiveperspectivehypnotherapy.co.uk\/shop\/group-relaxation-hypnosis\/#breadcrumb","itemListElement":[{"@type":"ListItem","position":1,"name":"Home","item":"https:\/\/positiveperspectivehypnotherapy.co.uk\/"},{"@type":"ListItem","position":2,"name":"Online Hypnotherapy &#038; Hypnosis &#8211; London, Hertfordshire &#038; across UK","item":"https:\/\/positiveperspectivehypnotherapy.co.uk\/shop\/"},{"@type":"ListItem","position":3,"name":"Relaxation Hypnosis &#8211; Group Sessions"}]},{"@type":"WebSite","@id":"https:\/\/positiveperspectivehypnotherapy.co.uk\/#website","url":"https:\/\/positiveperspectivehypnotherapy.co.uk\/","name":"Hypnotherapy Sessions London","description":"Clinical Hypnotherapy with Marta Watroba - Support for Stress, Anxiety, Confidence, Grief, Phobia, Trauma - Online. UK, London &amp; Hertfordshire","publisher":{"@id":"https:\/\/positiveperspectivehypnotherapy.co.uk\/#organization"},"alternateName":"London Hypnotherapy Online","potentialAction":[{"@type":"SearchAction","target":{"@type":"EntryPoint","urlTemplate":"https:\/\/positiveperspectivehypnotherapy.co.uk\/?s={search_term_string}"},"query-input":{"@type":"PropertyValueSpecification","valueRequired":true,"valueName":"search_term_string"}}],"inLanguage":"pl-PL"},{"@type":"Organization","@id":"https:\/\/positiveperspectivehypnotherapy.co.uk\/#organization","name":"Hypnotherapy Sessions London","alternateName":"London Hypnotherapy Online","url":"https:\/\/positiveperspectivehypnotherapy.co.uk\/","logo":{"@type":"ImageObject","inLanguage":"pl-PL","@id":"https:\/\/positiveperspectivehypnotherapy.co.uk\/#\/schema\/logo\/image\/","url":"https:\/\/positiveperspectivehypnotherapy.co.uk\/wp-content\/uploads\/2024\/10\/hypnotherapy-logo-dark.png","contentUrl":"https:\/\/positiveperspectivehypnotherapy.co.uk\/wp-content\/uploads\/2024\/10\/hypnotherapy-logo-dark.png","width":1281,"height":430,"caption":"Hypnotherapy Sessions London"},"image":{"@id":"https:\/\/positiveperspectivehypnotherapy.co.uk\/#\/schema\/logo\/image\/"},"sameAs":["https:\/\/www.facebook.com\/positiveperspectivehypnotherapy","https:\/\/www.instagram.com\/martawatroba_\/"]}]}},"_links":{"self":[{"href":"https:\/\/positiveperspectivehypnotherapy.co.uk\/pl\/wp-json\/wp\/v2\/product\/1727","targetHints":{"allow":["GET"]}}],"collection":[{"href":"https:\/\/positiveperspectivehypnotherapy.co.uk\/pl\/wp-json\/wp\/v2\/product"}],"about":[{"href":"https:\/\/positiveperspectivehypnotherapy.co.uk\/pl\/wp-json\/wp\/v2\/types\/product"}],"wp:featuredmedia":[{"embeddable":true,"href":"https:\/\/positiveperspectivehypnotherapy.co.uk\/pl\/wp-json\/wp\/v2\/media\/1765"}],"wp:attachment":[{"href":"https:\/\/positiveperspectivehypnotherapy.co.uk\/pl\/wp-json\/wp\/v2\/media?parent=1727"}],"wp:term":[{"taxonomy":"product_brand","embeddable":true,"href":"https:\/\/positiveperspectivehypnotherapy.co.uk\/pl\/wp-json\/wp\/v2\/product_brand?post=1727"},{"taxonomy":"product_cat","embeddable":true,"href":"https:\/\/positiveperspectivehypnotherapy.co.uk\/pl\/wp-json\/wp\/v2\/product_cat?post=1727"},{"taxonomy":"product_tag","embeddable":true,"href":"https:\/\/positiveperspectivehypnotherapy.co.uk\/pl\/wp-json\/wp\/v2\/product_tag?post=1727"}],"curies":[{"name":"wp","href":"https:\/\/api.w.org\/{rel}","templated":true}]}}