{"id":523,"date":"2024-10-16T15:47:30","date_gmt":"2024-10-16T14:47:30","guid":{"rendered":"https:\/\/positiveperspectivehypnotherapy.co.uk\/?post_type=product&#038;p=523"},"modified":"2026-02-12T23:55:06","modified_gmt":"2026-02-12T23:55:06","slug":"free-initial-consultation","status":"publish","type":"product","link":"https:\/\/positiveperspectivehypnotherapy.co.uk\/pl\/shop\/free-initial-consultation\/","title":{"rendered":"Zacznij od bezp\u0142atnej konsultacji"},"content":{"rendered":"<div id=\"fws_69f363b0063ff\"  data-column-margin=\"default\" data-midnight=\"dark\" data-top-percent=\"8%\" data-bottom-percent=\"8%\"  class=\"wpb_row vc_row-fluid vc_row full-width-section vc_row-o-equal-height vc_row-flex vc_row-o-content-middle  top_padding_phone_15pct bottom_padding_phone_15pct\"  style=\"padding-top: calc(100vw * 0.08); padding-bottom: calc(100vw * 0.08); \"><div class=\"row-bg-wrap\" data-bg-animation=\"none\" data-bg-animation-delay=\"\" data-bg-overlay=\"true\"><div class=\"inner-wrap row-bg-layer\" ><div class=\"row-bg viewport-desktop\"  style=\"\"><\/div><\/div><div class=\"row-bg-overlay row-bg-layer\" style=\"background-color:#949e91;  opacity: 0.3; \"><\/div><\/div><div class=\"nectar-shape-divider-wrap no-color\" style=\" height:200px;\"  data-height=\"200\" data-front=\"\" data-style=\"waves_opacity_alt\" data-position=\"top\" ><svg class=\"nectar-shape-divider\" aria-hidden=\"true\" fill=\"\" xmlns=\"http:\/\/www.w3.org\/2000\/svg\" viewbox=\"0 0 1000 300\" preserveaspectratio=\"none\">\n          <path d=\"M 1000 299 l 2 -279 c -155 -36 -310 135 -415 164 c -102.64 28.35 -149 -32 -232 -31 c -80 1 -142 53 -229 80 c -65.54 20.34 -101 15 -126 11.61 v 54.39 z\"><\/path> <path d=\"M 1000 286 l 2 -252 c -157 -43 -302 144 -405 178 c -101.11 33.38 -159 -47 -242 -46 c -80 1 -145.09 54.07 -229 87 c -65.21 25.59 -104.07 16.72 -126 10.61 v 22.39 z\"><\/path> <path d=\"M 1000 300 l 1 -230.29 c -217 -12.71 -300.47 129.15 -404 156.29 c -103 27 -174 -30 -257 -29 c -80 1 -130.09 37.07 -214 70 c -61.23 24 -108 15.61 -126 10.61 v 22.39 z\"><\/path>\n           <\/svg><\/div><div class=\"nectar-shape-divider-wrap no-color\" style=\" height:200px;\"  data-height=\"200\" data-front=\"\" data-style=\"waves_opacity_alt\" data-position=\"bottom\" ><svg class=\"nectar-shape-divider\" aria-hidden=\"true\" fill=\"\" xmlns=\"http:\/\/www.w3.org\/2000\/svg\" viewbox=\"0 0 1000 300\" preserveaspectratio=\"none\">\n          <path d=\"M 1000 299 l 2 -279 c -155 -36 -310 135 -415 164 c -102.64 28.35 -149 -32 -232 -31 c -80 1 -142 53 -229 80 c -65.54 20.34 -101 15 -126 11.61 v 54.39 z\"><\/path> <path d=\"M 1000 286 l 2 -252 c -157 -43 -302 144 -405 178 c -101.11 33.38 -159 -47 -242 -46 c -80 1 -145.09 54.07 -229 87 c -65.21 25.59 -104.07 16.72 -126 10.61 v 22.39 z\"><\/path> <path d=\"M 1000 300 l 1 -230.29 c -217 -12.71 -300.47 129.15 -404 156.29 c -103 27 -174 -30 -257 -29 c -80 1 -130.09 37.07 -214 70 c -61.23 24 -108 15.61 -126 10.61 v 22.39 z\"><\/path>\n           <\/svg><\/div><div class=\"row_col_wrap_12 col span_12 dark left\">\n\t<div  class=\"vc_col-sm-12 wpb_column column_container vc_column_container col has-animation no-extra-padding inherit_tablet inherit_phone\"  data-padding-pos=\"all\" data-has-bg-color=\"false\" data-bg-color=\"\" data-bg-opacity=\"1\" data-animation=\"grow-in\" data-delay=\"0\" >\n\t\t<div class=\"vc_column-inner\" >\n\t\t\t<div class=\"wpb_wrapper\">\n\t\t\t\t<div class=\"nectar-responsive-text nectar-link-underline-effect\" style=\"color: #000000;\"><h1 style=\"text-align: center\">Hipnoterapia<\/h1>\n<\/div>\n\t\t\t<\/div> \n\t\t<\/div>\n\t<\/div> \n<\/div><\/div>\n\t\t<div id=\"fws_69f363b006e58\"  data-column-margin=\"default\" data-midnight=\"dark\" data-top-percent=\"2%\" data-bottom-percent=\"0.5%\"  class=\"wpb_row vc_row-fluid vc_row  top_margin_phone_15pct\"  style=\"padding-top: calc(100vw * 0.02); padding-bottom: calc(100vw * 0.00); \"><div class=\"row-bg-wrap\" data-bg-animation=\"none\" data-bg-animation-delay=\"\" data-bg-overlay=\"false\"><div class=\"inner-wrap row-bg-layer\" ><div class=\"row-bg viewport-desktop\"  style=\"\"><\/div><\/div><\/div><div class=\"row_col_wrap_12 col span_12 dark left\">\n\t<div  class=\"vc_col-sm-12 wpb_column column_container vc_column_container col has-animation no-extra-padding inherit_tablet inherit_phone\"  data-padding-pos=\"all\" data-has-bg-color=\"false\" data-bg-color=\"\" data-bg-opacity=\"1\" data-animation=\"grow-in\" data-delay=\"0\" >\n\t\t<div class=\"vc_column-inner\" >\n\t\t\t<div class=\"wpb_wrapper\">\n\t\t\t\t\n<div class=\"wpb_text_column wpb_content_element\" >\n\t<div class=\"wpb_wrapper\">\n\t\t<p data-start=\"1904\" data-end=\"2382\"><strong>Kliniczna Hipnoterapia<\/strong> to forma wsparcia, kt\u00f3ra \u0142\u0105czy <strong>kt\u00f3ra \u0142\u0105czy rozmow\u0119 terapeutyczn\u0105 ukierunkowan\u0105 na przysz\u0142o\u015b\u0107<\/strong> z wykorzystaniem stanu g\u0142\u0119bokiego relaksu i skupienia, zwanego <strong>hipnoz\u0105.<\/strong>Nie ma to nic wsp\u00f3lnego z hipnoz\u0105 sceniczn\u0105 \u2013 kliniczna hipnoterapia wykorzystuje wiedz\u0119 z zakresu psychologii i neuronauki, a tak\u017ce badania nad funkcjonowaniem m\u00f3zgu, aby wspiera\u0107 proces pozytywnej zmiany. W tym stanie umys\u0142 staje si\u0119 spokojniejszy i bardziej otwarty na nowe wzorce, a Ty mo\u017cesz w pe\u0142ni korzysta\u0107 z naturalnych predyspozycji swojego m\u00f3zgu do rozwoju i tworzenia wspieraj\u0105cych Ci\u0119 schemat\u00f3w.<\/p>\n<p data-start=\"2384\" data-end=\"2738\">To nie s\u0105 jednorazowe spotkania, lecz proces \u2013 forma terapii i regularnego wsparcia \u2013 w kt\u00f3rym krok po kroku wybierasz kierunek zgodny ze sob\u0105 i tym, czego naprawd\u0119 potrzebujesz. Dzi\u0119ki hipnoterapii nie tylko dajesz sobie przestrze\u0144 na relaks, zwolnienie i z\u0142apanie oddechu, ale tak\u017ce mo\u017cliwo\u015b\u0107 zatrzymania si\u0119 i zastanowienia, jak chcesz, by wygl\u0105da\u0142o Twoje \u017cycie.<\/p>\n<p data-start=\"2740\" data-end=\"2996\">Badania oraz do\u015bwiadczenia moich klient\u00f3w pokazuj\u0105, <strong data-start=\"2778\" data-end=\"2840\">\u017ce sesje online s\u0105 r\u00f3wnie skuteczne jak spotkania twarz\u0105 w twarz.<\/strong>Ten format (hipnoterapia online) jest wygodny i komfortowy \u2013 oszcz\u0119dza czas, ale co najwa\u017cniejsze, pozwala Ci \u0142\u0105czy\u0107 si\u0119 z miejsca, w kt\u00f3rym czujesz si\u0119 swobodnie.<\/p>\n<p data-start=\"2998\" data-end=\"3434\">If you\u2019d like to see whether this type of work is right for you, I invite you to <a href=\"https:\/\/positiveperspectivehypnotherapy.co.uk\/pl\/contact\/\">book a Free Initial Consultation<\/a>.\u00a0I work online, in both English and Polish.<\/p>\n<p data-start=\"2998\" data-end=\"3434\"><strong>Informacja dla klient\u00f3w spoza Wielkiej Brytanii:<\/strong> Jestem Kliniczn\u0105 Hipnoterapeutk\u0105 zarejestrowan\u0105 w UK i obowi\u0105zuj\u0105 mnie brytyjskie przepisy prawa.<\/p>\n\t<\/div>\n<\/div>\n\n\n\n\n\t\t\t<\/div> \n\t\t<\/div>\n\t<\/div> \n<\/div><\/div>","protected":false},"excerpt":{"rendered":"<h3><strong data-start=\"129\" data-end=\"160\">Zastanawiasz si\u0119 czy hipnoterapia jest dla Ciebie?<\/strong><\/h3>\n<p data-start=\"129\" data-end=\"519\"><strong data-start=\"129\" data-end=\"160\">Zacznij tutaj i<\/strong> <a href=\"https:\/\/positiveperspectivehypnotherapy.co.uk\/pl\/contact\/\">zarezerwuj <strong data-start=\"168\" data-end=\"199\">bezp\u0142atn\u0105 45-minutow\u0105 konsultacj\u0119<\/strong><\/a> (via email or contact form) to explore how hypnosis can help you feel calmer, more confident, and in control. Whether you&#8217;re looking to <strong data-start=\"308\" data-end=\"458\">lepiej radzi\u0107 sobie ze stresem, poprawi\u0107 sen, wzmocni\u0107 pewno\u015b\u0107 siebie, pokona\u0107 l\u0119k, czy po prostu potrzebujesz wsparcia w swojej obecnej sytuacji i nie wiesz, od czego zacz\u0105\u0107<\/strong>, ta sesja jest Twoim pierwszym krokiem w stron\u0119 znacz\u0105cej zmiany.<\/p>\n<h3 data-start=\"521\" data-end=\"572\"><strong data-start=\"525\" data-end=\"570\">Co mo\u017cesz oczekiwa\u0107 podczas konsultacji:<\/strong><\/h3>\n<ul data-start=\"573\" data-end=\"885\">\n<li data-start=\"573\" data-end=\"663\">Prosty, <strong data-start=\"577\" data-end=\"594\">przyjaznej rozmowy<\/strong> by odkry\u0107 <strong data-start=\"606\" data-end=\"636\">co chcia\u0142aby\u015b osi\u0105gn\u0105\u0107<\/strong> i jakie s\u0105 Twoje <strong data-start=\"646\" data-end=\"660\">najwi\u0119ksze nadzieje<\/strong>.<\/li>\n<li data-start=\"664\" data-end=\"728\">Prosty, <strong data-start=\"668\" data-end=\"682\">klarowny plan<\/strong> na temat tego, w jaki spos\u00f3b hipnoterapia i hipnoza mo\u017ce wesprze\u0107 Twoje cele.<\/li>\n<li data-start=\"729\" data-end=\"794\">Odpowiedzi na <strong data-start=\"742\" data-end=\"759\">pytania<\/strong> o hipnoz\u0119 i jak dzia\u0142a<\/li>\n<li data-start=\"795\" data-end=\"885\">Mo\u017cliwo\u015b\u0107 okre\u015blenia, ustalenia <strong data-start=\"825\" data-end=\"882\">czy hipnoterapia jest w\u0142a\u015bciwym narz\u0119dziem, aby Ci\u0119 wesprze\u0107<\/strong>.<\/li>\n<\/ul>\n<h3>W czym hipnoterapia mo\u017ce pom\u00f3c:<\/h3>\n<p>Hipnoterapia, wykorzystuj\u0105ca hipnoz\u0119 do dost\u0119pu i przekszta\u0142cania pod\u015bwiadomo\u015bci, oferuje skuteczne wsparcie w szerokim zakresie wyzwa\u0144, w tym:<\/p>\n<ul>\n<li><strong>Stres i L\u0119k<\/strong>: Zarz\u0105dzaj codziennym stresem, redukuj l\u0119kowe my\u015bli i przywr\u00f3\u0107 poczucie spokoju.<\/li>\n<li><strong>Migreny i b\u00f3le g\u0142owy<\/strong>: Zmniejsz cz\u0119stotliwo\u015b\u0107 i intensywno\u015b\u0107 migren za pomoc\u0105 technik \u0142agodzenia stresu.<\/li>\n<li><strong>Zaburzenia Snu<\/strong>: Popraw jako\u015b\u0107 snu i pokonaj trudno\u015bci z zasypianiem lub utrzymaniem snu.<\/li>\n<li><strong>Brak Motywacji<\/strong>: Wykorzystaj hipnoz\u0119, aby ponownie rozbudzi\u0107 koncentracj\u0119 i determinacj\u0119.<\/li>\n<li><strong>Brak Pewno\u015bci Siebie<\/strong>: Zbuduj poczucie w\u0142asnej warto\u015bci i pozytywny wizerunek siebie dzi\u0119ki hipnozie.<\/li>\n<li><strong>Fobie i L\u0119ki<\/strong>: Zajmij si\u0119 konkretnymi l\u0119kami, takimi jak strach przed lataniem czy wyst\u0105pieniami publicznymi.<\/li>\n<li><strong>Poczucie Przyt\u0142oczenia i Ataki Paniki<\/strong>: Naucz si\u0119 odzyskiwa\u0107 kontrol\u0119 i znale\u017a\u0107 r\u00f3wnowag\u0119 w trudnych chwilach.<\/li>\n<li><strong>Stres przed Egzaminami i L\u0119k przed Wyst\u0105pieniami<\/strong>: Pozosta\u0144 spokojny i skupiony podczas wyzwa\u0144 akademickich, zawodowych oraz publicznych wyst\u0105pie\u0144.<\/li>\n<li><strong>Nawyki i Zachowania<\/strong>: Zerwij z niechcianymi nawykami, takimi jak obgryzanie paznokci czy palenie papieros\u00f3w.<\/li>\n<li><strong>P\u0142odno\u015b\u0107 i Wsparcie Emocjonalne<\/strong>: Przechod\u017a przez wyzwania zwi\u0105zane z p\u0142odno\u015bci\u0105 z spokojem i pozytywnym nastawieniem.<\/li>\n<li><strong>Depresja<\/strong>: Wspieraj swoj\u0105 drog\u0119 do poprawy zdrowia psychicznego.<\/li>\n<\/ul>\n<h3 data-start=\"1597\" data-end=\"1631\"><strong data-start=\"1601\" data-end=\"1629\">Dlaczego warto wybra\u0107 hipnoterapi\u0119 online?<\/strong><\/h3>\n<ul>\n<li>Wspierana przez odkrycia neuronauki, hipnoterapia wykorzystuje naturaln\u0105 zdolno\u015b\u0107 Twojego umys\u0142u do wprowadzania zmian.<\/li>\n<li>W przeciwie\u0144stwie do wielu form wsparcia, kt\u00f3re skupiaj\u0105 si\u0119 g\u0142\u00f3wnie na rozmowie lub analizie przesz\u0142o\u015bci, hipnoterapia \u0142\u0105czy rozmow\u0119 z prac\u0105 z pod\u015bwiadomo\u015bci\u0105.<\/li>\n<li>Oznacza to, \u017ce mo\u017cesz lepiej zrozumie\u0107 siebie, a jednocze\u015bnie tworzy\u0107 nowe wzorce i reakcje, kt\u00f3re sprawiaj\u0105, \u017ce codzienne \u017cycie staje si\u0119 l\u017cejsze i \u0142atwiejsze do ogarni\u0119cia.<\/li>\n<li>Sesje hipnoterapii odbywaj\u0105 si\u0119 online i s\u0105 dost\u0119pne w j\u0119zyku polskim oraz angielskim - niezale\u017cnie od tego, gdzie mieszkasz.<\/li>\n<\/ul>\n<p data-start=\"1834\" data-end=\"1944\"><strong data-start=\"1837\" data-end=\"1870\">Gotowa na pierwszy krok?<\/strong><br data-start=\"1870\" data-end=\"1873\" \/><a href=\"https:\/\/positiveperspectivehypnotherapy.co.uk\/pl\/contact\/\"><strong data-start=\"1873\" data-end=\"1910\">Um\u00f3w bezp\u0142atn\u0105 konsultacj\u0119 ju\u017c dzi\u015b<\/strong><\/a> i zacznij realizowa\u0107 to o czym od dawna marzysz i potrzebujesz. Bo wszystko zaczyna si\u0119 od pierwszego kroku, decyzji, wyboru.<\/p>\n<p><strong>Czas trwania konsultacji:<\/strong> 45 minut (online)<br \/>\n<a href=\"\/pl\/contact\/\"><button class=\"single_add_to_cart_button button alt wp-element-button popmake-2029\" name=\"add-to-cart\" type=\"submit\">Um\u00f3w si\u0119<\/button><\/a><\/p>\n<p>Je\u015bli chcesz pozna\u0107 pakiety cenowe  i mo\u017cliwo\u015bci sesji hipnoterapii, znajdziesz je <a href=\"https:\/\/positiveperspectivehypnotherapy.co.uk\/pl\/kategoria-produktu\/hypnotherapy-sessions\/\">tutaj<\/a><\/p>","protected":false},"featured_media":1770,"template":"","meta":[],"product_brand":[],"product_cat":[19],"product_tag":[140,143,33,54,52,112,56,245,123,122,184,37,248,60,142,147,146,145,252,148,246,249,250,247,141,31,176,61,251,149],"class_list":{"0":"post-523","1":"product","2":"type-product","3":"status-publish","4":"has-post-thumbnail","6":"product_cat-hypnotherapy-sessions","7":"product_tag-free-hypnotherapy-consultation","8":"product_tag-free-initial-consultation","9":"product_tag-hertfordshire-hypnotherapy","10":"product_tag-hipnoterapia-londyn","11":"product_tag-hipnoterapia-online","12":"product_tag-hipnoterapia-po-polsku","13":"product_tag-hipnoterapia-uk","14":"product_tag-hipnoza-londyn","15":"product_tag-hipnoza-na-pewnosc-siebie","16":"product_tag-hipnoza-na-stres","17":"product_tag-hipnoza-relaksacyjna","18":"product_tag-hypnosis-for-stress-management","19":"product_tag-hypnotherapy-for-migraines","20":"product_tag-hypnotherapy-for-stress","21":"product_tag-hypnotherapy-intro-session","22":"product_tag-hypnotherapy-london","23":"product_tag-hypnotherapy-uk","24":"product_tag-konsultacja-online-hipnoterapia","25":"product_tag-london-hypnotherapy-support-for-women","26":"product_tag-marta-watroba-hypnotherapy","27":"product_tag-online-clinical-hypnotherapy","28":"product_tag-online-hypnosis","29":"product_tag-online-hypnotherapist-london","30":"product_tag-online-hypnotherapist-uk","31":"product_tag-online-hypnotherapy-consultation","32":"product_tag-online-hypnotherapy-sessions","33":"product_tag-online-hypnotherapy-uk","34":"product_tag-polska-hipnoterapeutka","35":"product_tag-positive-hypnotherapy","36":"product_tag-positive-perspective-hypnotherapy","38":"first","39":"instock","40":"virtual","41":"product-type-simple"},"yoast_head":"<!-- This site is optimized with the Yoast SEO plugin v26.6 - https:\/\/yoast.com\/wordpress\/plugins\/seo\/ -->\n<title>Free Hypnotherapy Consultation - Hypnotherapy Online - Hipnoterapia Online UK, London, Hertfordshire<\/title>\n<meta name=\"description\" content=\"Book Your Free 45-Minute Consultation to ask questions and explore how clinical hypnotherapy can support you with anxiety, phobias, trauma, IBS, confidence.\" \/>\n<meta name=\"robots\" content=\"index, follow, max-snippet:-1, max-image-preview:large, max-video-preview:-1\" \/>\n<link rel=\"canonical\" href=\"https:\/\/positiveperspectivehypnotherapy.co.uk\/pl\/shop\/free-initial-consultation\/\" \/>\n<script type=\"application\/ld+json\" class=\"yoast-schema-graph\">{\"@context\":\"https:\/\/schema.org\",\"@graph\":[{\"@type\":\"WebPage\",\"@id\":\"https:\/\/positiveperspectivehypnotherapy.co.uk\/shop\/free-initial-consultation\/\",\"url\":\"https:\/\/positiveperspectivehypnotherapy.co.uk\/shop\/free-initial-consultation\/\",\"name\":\"Free Hypnotherapy Consultation - Hypnotherapy Online - Hipnoterapia Online UK, London, Hertfordshire\",\"isPartOf\":{\"@id\":\"https:\/\/positiveperspectivehypnotherapy.co.uk\/#website\"},\"primaryImageOfPage\":{\"@id\":\"https:\/\/positiveperspectivehypnotherapy.co.uk\/shop\/free-initial-consultation\/#primaryimage\"},\"image\":{\"@id\":\"https:\/\/positiveperspectivehypnotherapy.co.uk\/shop\/free-initial-consultation\/#primaryimage\"},\"thumbnailUrl\":\"https:\/\/positiveperspectivehypnotherapy.co.uk\/wp-content\/uploads\/2026\/01\/marta-watroba-clinical-hypnotherapy-free-consultation-hipnoterapia-konsultacja-UK.png\",\"datePublished\":\"2024-10-16T14:47:30+00:00\",\"dateModified\":\"2026-02-12T23:55:06+00:00\",\"description\":\"Book Your Free 45-Minute Consultation to ask questions and explore how clinical hypnotherapy can support you with anxiety, phobias, trauma, IBS, confidence.\",\"breadcrumb\":{\"@id\":\"https:\/\/positiveperspectivehypnotherapy.co.uk\/shop\/free-initial-consultation\/#breadcrumb\"},\"inLanguage\":\"pl-PL\",\"potentialAction\":[{\"@type\":\"ReadAction\",\"target\":[\"https:\/\/positiveperspectivehypnotherapy.co.uk\/shop\/free-initial-consultation\/\"]}]},{\"@type\":\"ImageObject\",\"inLanguage\":\"pl-PL\",\"@id\":\"https:\/\/positiveperspectivehypnotherapy.co.uk\/shop\/free-initial-consultation\/#primaryimage\",\"url\":\"https:\/\/positiveperspectivehypnotherapy.co.uk\/wp-content\/uploads\/2026\/01\/marta-watroba-clinical-hypnotherapy-free-consultation-hipnoterapia-konsultacja-UK.png\",\"contentUrl\":\"https:\/\/positiveperspectivehypnotherapy.co.uk\/wp-content\/uploads\/2026\/01\/marta-watroba-clinical-hypnotherapy-free-consultation-hipnoterapia-konsultacja-UK.png\",\"width\":1080,\"height\":1080,\"caption\":\"Free initial hypnotherapy consultation online with marta watroba. Polska Hipnoterapeutka w UK. Bezp\u0142atna Konsultacja.\"},{\"@type\":\"BreadcrumbList\",\"@id\":\"https:\/\/positiveperspectivehypnotherapy.co.uk\/shop\/free-initial-consultation\/#breadcrumb\",\"itemListElement\":[{\"@type\":\"ListItem\",\"position\":1,\"name\":\"Home\",\"item\":\"https:\/\/positiveperspectivehypnotherapy.co.uk\/\"},{\"@type\":\"ListItem\",\"position\":2,\"name\":\"Online Hypnotherapy &#038; Hypnosis &#8211; London, Hertfordshire &#038; across UK\",\"item\":\"https:\/\/positiveperspectivehypnotherapy.co.uk\/shop\/\"},{\"@type\":\"ListItem\",\"position\":3,\"name\":\"Free Hypnotherapy Consultation\"}]},{\"@type\":\"WebSite\",\"@id\":\"https:\/\/positiveperspectivehypnotherapy.co.uk\/#website\",\"url\":\"https:\/\/positiveperspectivehypnotherapy.co.uk\/\",\"name\":\"Hypnotherapy Sessions London\",\"description\":\"Clinical Hypnotherapy with Marta Watroba - Support for Stress, Anxiety, Confidence, Grief, Phobia, Trauma - Online. UK, London &amp; Hertfordshire\",\"publisher\":{\"@id\":\"https:\/\/positiveperspectivehypnotherapy.co.uk\/#organization\"},\"alternateName\":\"London Hypnotherapy Online\",\"potentialAction\":[{\"@type\":\"SearchAction\",\"target\":{\"@type\":\"EntryPoint\",\"urlTemplate\":\"https:\/\/positiveperspectivehypnotherapy.co.uk\/?s={search_term_string}\"},\"query-input\":{\"@type\":\"PropertyValueSpecification\",\"valueRequired\":true,\"valueName\":\"search_term_string\"}}],\"inLanguage\":\"pl-PL\"},{\"@type\":\"Organization\",\"@id\":\"https:\/\/positiveperspectivehypnotherapy.co.uk\/#organization\",\"name\":\"Hypnotherapy Sessions London\",\"alternateName\":\"London Hypnotherapy Online\",\"url\":\"https:\/\/positiveperspectivehypnotherapy.co.uk\/\",\"logo\":{\"@type\":\"ImageObject\",\"inLanguage\":\"pl-PL\",\"@id\":\"https:\/\/positiveperspectivehypnotherapy.co.uk\/#\/schema\/logo\/image\/\",\"url\":\"https:\/\/positiveperspectivehypnotherapy.co.uk\/wp-content\/uploads\/2024\/10\/hypnotherapy-logo-dark.png\",\"contentUrl\":\"https:\/\/positiveperspectivehypnotherapy.co.uk\/wp-content\/uploads\/2024\/10\/hypnotherapy-logo-dark.png\",\"width\":1281,\"height\":430,\"caption\":\"Hypnotherapy Sessions London\"},\"image\":{\"@id\":\"https:\/\/positiveperspectivehypnotherapy.co.uk\/#\/schema\/logo\/image\/\"},\"sameAs\":[\"https:\/\/www.facebook.com\/positiveperspectivehypnotherapy\",\"https:\/\/www.instagram.com\/martawatroba_\/\"]}]}<\/script>\n<!-- \/ Yoast SEO plugin. -->","yoast_head_json":{"title":"Free Hypnotherapy Consultation - Hypnotherapy Online - Hipnoterapia Online UK, London, Hertfordshire","description":"Book Your Free 45-Minute Consultation to ask questions and explore how clinical hypnotherapy can support you with anxiety, phobias, trauma, IBS, confidence.","robots":{"index":"index","follow":"follow","max-snippet":"max-snippet:-1","max-image-preview":"max-image-preview:large","max-video-preview":"max-video-preview:-1"},"canonical":"https:\/\/positiveperspectivehypnotherapy.co.uk\/pl\/shop\/free-initial-consultation\/","schema":{"@context":"https:\/\/schema.org","@graph":[{"@type":"WebPage","@id":"https:\/\/positiveperspectivehypnotherapy.co.uk\/shop\/free-initial-consultation\/","url":"https:\/\/positiveperspectivehypnotherapy.co.uk\/shop\/free-initial-consultation\/","name":"Free Hypnotherapy Consultation - Hypnotherapy Online - Hipnoterapia Online UK, London, Hertfordshire","isPartOf":{"@id":"https:\/\/positiveperspectivehypnotherapy.co.uk\/#website"},"primaryImageOfPage":{"@id":"https:\/\/positiveperspectivehypnotherapy.co.uk\/shop\/free-initial-consultation\/#primaryimage"},"image":{"@id":"https:\/\/positiveperspectivehypnotherapy.co.uk\/shop\/free-initial-consultation\/#primaryimage"},"thumbnailUrl":"https:\/\/positiveperspectivehypnotherapy.co.uk\/wp-content\/uploads\/2026\/01\/marta-watroba-clinical-hypnotherapy-free-consultation-hipnoterapia-konsultacja-UK.png","datePublished":"2024-10-16T14:47:30+00:00","dateModified":"2026-02-12T23:55:06+00:00","description":"Book Your Free 45-Minute Consultation to ask questions and explore how clinical hypnotherapy can support you with anxiety, phobias, trauma, IBS, confidence.","breadcrumb":{"@id":"https:\/\/positiveperspectivehypnotherapy.co.uk\/shop\/free-initial-consultation\/#breadcrumb"},"inLanguage":"pl-PL","potentialAction":[{"@type":"ReadAction","target":["https:\/\/positiveperspectivehypnotherapy.co.uk\/shop\/free-initial-consultation\/"]}]},{"@type":"ImageObject","inLanguage":"pl-PL","@id":"https:\/\/positiveperspectivehypnotherapy.co.uk\/shop\/free-initial-consultation\/#primaryimage","url":"https:\/\/positiveperspectivehypnotherapy.co.uk\/wp-content\/uploads\/2026\/01\/marta-watroba-clinical-hypnotherapy-free-consultation-hipnoterapia-konsultacja-UK.png","contentUrl":"https:\/\/positiveperspectivehypnotherapy.co.uk\/wp-content\/uploads\/2026\/01\/marta-watroba-clinical-hypnotherapy-free-consultation-hipnoterapia-konsultacja-UK.png","width":1080,"height":1080,"caption":"Free initial hypnotherapy consultation online with marta watroba. Polska Hipnoterapeutka w UK. Bezp\u0142atna Konsultacja."},{"@type":"BreadcrumbList","@id":"https:\/\/positiveperspectivehypnotherapy.co.uk\/shop\/free-initial-consultation\/#breadcrumb","itemListElement":[{"@type":"ListItem","position":1,"name":"Home","item":"https:\/\/positiveperspectivehypnotherapy.co.uk\/"},{"@type":"ListItem","position":2,"name":"Online Hypnotherapy &#038; Hypnosis &#8211; London, Hertfordshire &#038; across UK","item":"https:\/\/positiveperspectivehypnotherapy.co.uk\/shop\/"},{"@type":"ListItem","position":3,"name":"Free Hypnotherapy Consultation"}]},{"@type":"WebSite","@id":"https:\/\/positiveperspectivehypnotherapy.co.uk\/#website","url":"https:\/\/positiveperspectivehypnotherapy.co.uk\/","name":"Hypnotherapy Sessions London","description":"Clinical Hypnotherapy with Marta Watroba - Support for Stress, Anxiety, Confidence, Grief, Phobia, Trauma - Online. UK, London &amp; Hertfordshire","publisher":{"@id":"https:\/\/positiveperspectivehypnotherapy.co.uk\/#organization"},"alternateName":"London Hypnotherapy Online","potentialAction":[{"@type":"SearchAction","target":{"@type":"EntryPoint","urlTemplate":"https:\/\/positiveperspectivehypnotherapy.co.uk\/?s={search_term_string}"},"query-input":{"@type":"PropertyValueSpecification","valueRequired":true,"valueName":"search_term_string"}}],"inLanguage":"pl-PL"},{"@type":"Organization","@id":"https:\/\/positiveperspectivehypnotherapy.co.uk\/#organization","name":"Hypnotherapy Sessions London","alternateName":"London Hypnotherapy Online","url":"https:\/\/positiveperspectivehypnotherapy.co.uk\/","logo":{"@type":"ImageObject","inLanguage":"pl-PL","@id":"https:\/\/positiveperspectivehypnotherapy.co.uk\/#\/schema\/logo\/image\/","url":"https:\/\/positiveperspectivehypnotherapy.co.uk\/wp-content\/uploads\/2024\/10\/hypnotherapy-logo-dark.png","contentUrl":"https:\/\/positiveperspectivehypnotherapy.co.uk\/wp-content\/uploads\/2024\/10\/hypnotherapy-logo-dark.png","width":1281,"height":430,"caption":"Hypnotherapy Sessions London"},"image":{"@id":"https:\/\/positiveperspectivehypnotherapy.co.uk\/#\/schema\/logo\/image\/"},"sameAs":["https:\/\/www.facebook.com\/positiveperspectivehypnotherapy","https:\/\/www.instagram.com\/martawatroba_\/"]}]}},"_links":{"self":[{"href":"https:\/\/positiveperspectivehypnotherapy.co.uk\/pl\/wp-json\/wp\/v2\/product\/523","targetHints":{"allow":["GET"]}}],"collection":[{"href":"https:\/\/positiveperspectivehypnotherapy.co.uk\/pl\/wp-json\/wp\/v2\/product"}],"about":[{"href":"https:\/\/positiveperspectivehypnotherapy.co.uk\/pl\/wp-json\/wp\/v2\/types\/product"}],"wp:featuredmedia":[{"embeddable":true,"href":"https:\/\/positiveperspectivehypnotherapy.co.uk\/pl\/wp-json\/wp\/v2\/media\/1770"}],"wp:attachment":[{"href":"https:\/\/positiveperspectivehypnotherapy.co.uk\/pl\/wp-json\/wp\/v2\/media?parent=523"}],"wp:term":[{"taxonomy":"product_brand","embeddable":true,"href":"https:\/\/positiveperspectivehypnotherapy.co.uk\/pl\/wp-json\/wp\/v2\/product_brand?post=523"},{"taxonomy":"product_cat","embeddable":true,"href":"https:\/\/positiveperspectivehypnotherapy.co.uk\/pl\/wp-json\/wp\/v2\/product_cat?post=523"},{"taxonomy":"product_tag","embeddable":true,"href":"https:\/\/positiveperspectivehypnotherapy.co.uk\/pl\/wp-json\/wp\/v2\/product_tag?post=523"}],"curies":[{"name":"wp","href":"https:\/\/api.w.org\/{rel}","templated":true}]}}