{"id":574,"date":"2024-10-16T16:24:24","date_gmt":"2024-10-16T15:24:24","guid":{"rendered":"https:\/\/positiveperspectivehypnotherapy.co.uk\/?post_type=product&#038;p=574"},"modified":"2026-02-04T11:33:03","modified_gmt":"2026-02-04T11:33:03","slug":"individual-hypnotherapy-session","status":"publish","type":"product","link":"https:\/\/positiveperspectivehypnotherapy.co.uk\/pl\/shop\/individual-hypnotherapy-session\/","title":{"rendered":"Sesja Hipnoterapii 60 minut"},"content":{"rendered":"<div id=\"fws_69e49bef5c2f8\"  data-column-margin=\"default\" data-midnight=\"dark\" data-top-percent=\"8%\" data-bottom-percent=\"8%\"  class=\"wpb_row vc_row-fluid vc_row full-width-section vc_row-o-equal-height vc_row-flex vc_row-o-content-middle  top_padding_phone_15pct bottom_padding_phone_15pct\"  style=\"padding-top: calc(100vw * 0.08); padding-bottom: calc(100vw * 0.08); \"><div class=\"row-bg-wrap\" data-bg-animation=\"none\" data-bg-animation-delay=\"\" data-bg-overlay=\"true\"><div class=\"inner-wrap row-bg-layer\" ><div class=\"row-bg viewport-desktop\"  style=\"\"><\/div><\/div><div class=\"row-bg-overlay row-bg-layer\" style=\"background-color:#949e91;  opacity: 0.3; \"><\/div><\/div><div class=\"nectar-shape-divider-wrap no-color\" style=\" height:200px;\"  data-height=\"200\" data-front=\"\" data-style=\"waves_opacity_alt\" data-position=\"top\" ><svg class=\"nectar-shape-divider\" aria-hidden=\"true\" fill=\"\" xmlns=\"http:\/\/www.w3.org\/2000\/svg\" viewbox=\"0 0 1000 300\" preserveaspectratio=\"none\">\n          <path d=\"M 1000 299 l 2 -279 c -155 -36 -310 135 -415 164 c -102.64 28.35 -149 -32 -232 -31 c -80 1 -142 53 -229 80 c -65.54 20.34 -101 15 -126 11.61 v 54.39 z\"><\/path> <path d=\"M 1000 286 l 2 -252 c -157 -43 -302 144 -405 178 c -101.11 33.38 -159 -47 -242 -46 c -80 1 -145.09 54.07 -229 87 c -65.21 25.59 -104.07 16.72 -126 10.61 v 22.39 z\"><\/path> <path d=\"M 1000 300 l 1 -230.29 c -217 -12.71 -300.47 129.15 -404 156.29 c -103 27 -174 -30 -257 -29 c -80 1 -130.09 37.07 -214 70 c -61.23 24 -108 15.61 -126 10.61 v 22.39 z\"><\/path>\n           <\/svg><\/div><div class=\"nectar-shape-divider-wrap no-color\" style=\" height:200px;\"  data-height=\"200\" data-front=\"\" data-style=\"waves_opacity_alt\" data-position=\"bottom\" ><svg class=\"nectar-shape-divider\" aria-hidden=\"true\" fill=\"\" xmlns=\"http:\/\/www.w3.org\/2000\/svg\" viewbox=\"0 0 1000 300\" preserveaspectratio=\"none\">\n          <path d=\"M 1000 299 l 2 -279 c -155 -36 -310 135 -415 164 c -102.64 28.35 -149 -32 -232 -31 c -80 1 -142 53 -229 80 c -65.54 20.34 -101 15 -126 11.61 v 54.39 z\"><\/path> <path d=\"M 1000 286 l 2 -252 c -157 -43 -302 144 -405 178 c -101.11 33.38 -159 -47 -242 -46 c -80 1 -145.09 54.07 -229 87 c -65.21 25.59 -104.07 16.72 -126 10.61 v 22.39 z\"><\/path> <path d=\"M 1000 300 l 1 -230.29 c -217 -12.71 -300.47 129.15 -404 156.29 c -103 27 -174 -30 -257 -29 c -80 1 -130.09 37.07 -214 70 c -61.23 24 -108 15.61 -126 10.61 v 22.39 z\"><\/path>\n           <\/svg><\/div><div class=\"row_col_wrap_12 col span_12 dark left\">\n\t<div  class=\"vc_col-sm-12 wpb_column column_container vc_column_container col has-animation no-extra-padding inherit_tablet inherit_phone\"  data-padding-pos=\"all\" data-has-bg-color=\"false\" data-bg-color=\"\" data-bg-opacity=\"1\" data-animation=\"grow-in\" data-delay=\"0\" >\n\t\t<div class=\"vc_column-inner\" >\n\t\t\t<div class=\"wpb_wrapper\">\n\t\t\t\t<div class=\"nectar-responsive-text nectar-link-underline-effect\" style=\"color: #000000;\"><h1 style=\"text-align: center\">Hipnoterapia<\/h1>\n<\/div>\n\t\t\t<\/div> \n\t\t<\/div>\n\t<\/div> \n<\/div><\/div>\n\t\t<div id=\"fws_69e49bef5ce50\"  data-column-margin=\"default\" data-midnight=\"dark\" data-top-percent=\"2%\" data-bottom-percent=\"0.5%\"  class=\"wpb_row vc_row-fluid vc_row  top_margin_phone_15pct\"  style=\"padding-top: calc(100vw * 0.02); padding-bottom: calc(100vw * 0.00); \"><div class=\"row-bg-wrap\" data-bg-animation=\"none\" data-bg-animation-delay=\"\" data-bg-overlay=\"false\"><div class=\"inner-wrap row-bg-layer\" ><div class=\"row-bg viewport-desktop\"  style=\"\"><\/div><\/div><\/div><div class=\"row_col_wrap_12 col span_12 dark left\">\n\t<div  class=\"vc_col-sm-12 wpb_column column_container vc_column_container col has-animation no-extra-padding inherit_tablet inherit_phone\"  data-padding-pos=\"all\" data-has-bg-color=\"false\" data-bg-color=\"\" data-bg-opacity=\"1\" data-animation=\"grow-in\" data-delay=\"0\" >\n\t\t<div class=\"vc_column-inner\" >\n\t\t\t<div class=\"wpb_wrapper\">\n\t\t\t\t\n<div class=\"wpb_text_column wpb_content_element\" >\n\t<div class=\"wpb_wrapper\">\n\t\t<p data-start=\"2008\" data-end=\"2544\"><strong>Kliniczna Hipnoterapia<\/strong> to forma wsparcia, kt\u00f3ra \u0142\u0105czy <strong>kt\u00f3ra \u0142\u0105czy rozmow\u0119 terapeutyczn\u0105 ukierunkowan\u0105 na przysz\u0142o\u015b\u0107<\/strong> z wykorzystaniem stanu g\u0142\u0119bokiego relaksu i skupienia, zwanego <strong>hipnoz\u0105.<\/strong>Nie ma to nic wsp\u00f3lnego z hipnoz\u0105 sceniczn\u0105 \u2013 kliniczna hipnoterapia wykorzystuje wiedz\u0119 z zakresu psychologii i neuronauki, a tak\u017ce badania nad funkcjonowaniem m\u00f3zgu, aby wspiera\u0107 proces pozytywnej zmiany. W tym stanie umys\u0142 staje si\u0119 spokojniejszy i bardziej otwarty na nowe wzorce, a Ty mo\u017cesz w pe\u0142ni korzysta\u0107 z naturalnych predyspozycji swojego m\u00f3zgu do rozwoju i tworzenia wspieraj\u0105cych Ci\u0119 schemat\u00f3w.<\/p>\n<p data-start=\"2546\" data-end=\"2900\">To nie s\u0105 jednorazowe spotkania, lecz proces \u2013 forma terapii i regularnego wsparcia \u2013 w kt\u00f3rym krok po kroku wybierasz kierunek zgodny ze sob\u0105 i tym, czego naprawd\u0119 potrzebujesz. Dzi\u0119ki hipnoterapii nie tylko dajesz sobie przestrze\u0144 na relaks, zwolnienie i z\u0142apanie oddechu, ale tak\u017ce mo\u017cliwo\u015b\u0107 zatrzymania si\u0119 i zastanowienia, jak chcesz, by wygl\u0105da\u0142o Twoje \u017cycie.<\/p>\n<p data-start=\"2902\" data-end=\"3158\">Badania i do\u015bwiadczenia klient\u00f3w pokazuj\u0105, \u017ce sesje online s\u0105 r\u00f3wnie skuteczne jak spotkania twarz\u0105 w twarz. Ten format (hipnoterapii online) jest wygodny i komfortowy \u2013 oszcz\u0119dza czas, a co najwa\u017cniejsze, pozwala Ci \u0142\u0105czy\u0107 si\u0119 z miejsca, w kt\u00f3rym czujesz si\u0119 swobodnie.<\/p>\n<p data-start=\"3160\" data-end=\"3600\">Je\u015bli chcesz sprawdzi\u0107, czy ten rodzaj pracy jest dla Ciebie odpowiedni, zapraszam Ci\u0119 do um\u00f3wienia si\u0119 na <a href=\"https:\/\/positiveperspectivehypnotherapy.co.uk\/pl\/shop\/free-initial-consultation\/\"><strong>Bezp\u0142atn\u0105 Konsultacj\u0119 Wst\u0119pn\u0105<\/strong><\/a>Sesje prowadzone s\u0105 w j\u0119zyku polskim lub angielskim.<\/p>\n<p data-start=\"3160\" data-end=\"3600\"><strong>Informacja dla klient\u00f3w spoza Wielkiej Brytanii:<\/strong> Jestem Kliniczn\u0105 Hipnoterapeutk\u0105 zarejestrowan\u0105 w UK i obowi\u0105zuj\u0105 mnie brytyjskie przepisy prawa.<\/p>\n\t<\/div>\n<\/div>\n\n\n\n\n\t\t\t<\/div> \n\t\t<\/div>\n\t<\/div> \n<\/div><\/div>","protected":false},"excerpt":{"rendered":"<h3 data-start=\"269\" data-end=\"308\">Elastyczne wsparcie, dopasowane do Ciebie<\/h3>\n<p data-start=\"309\" data-end=\"668\">Indywidualna sesja daje Ci mo\u017cliwo\u015b\u0107 do\u015bwiadczenia mocy hipnozy po\u0142\u0105czonej z rozmow\u0105 ukierunkowan\u0105 na rozwi\u0105zania w formule jeden na jeden. Ka\u017cda sesja jest zaprojektowana tak, aby zapewni\u0107 Ci realne wsparcie \u2013 niezale\u017cnie od tego, czy dopiero po raz pierwszy odkrywasz hipnoterapi\u0119, od\u015bwie\u017casz to, czego ju\u017c si\u0119 nauczy\u0142a\u015b, czy po prostu dajesz sobie skoncentrowany czas na rozw\u00f3j.<\/p>\n<p data-start=\"670\" data-end=\"690\"><strong data-start=\"670\" data-end=\"688\">Dla kogo?<\/strong><\/p>\n<ul>\n<li data-start=\"693\" data-end=\"776\">Dla os\u00f3b ciekawych, chc\u0105cych sprawdzi\u0107, do\u015bwiadczy\u0107 hipnoterapii.<\/li>\n<li data-start=\"779\" data-end=\"858\">Dla os\u00f3b, kt\u00f3re wol\u0105 elastyczno\u015b\u0107 rezerwowania i p\u0142atno\u015bci.<\/li>\n<li data-start=\"861\" data-end=\"997\">Dla os\u00f3b, kt\u00f3re maj\u0105 ju\u017c za sob\u0105 pakiet sesji i chcia\u0142aby odby\u0107 spotkanie od\u015bwie\u017caj\u0105ce, aby przypomnie\u0107 sobie to, czego si\u0119 nauczy\u0142y podczas wcze\u015bniejszych sesji.<\/li>\n<\/ul>\n<p data-start=\"999\" data-end=\"1387\"><strong data-start=\"999\" data-end=\"1019\">Obszary wsparcia w hipnoterapii<\/strong><br data-start=\"1019\" data-end=\"1022\" \/>Hipnoza i hipnoterapia skoncentrowana na rozwi\u0105zaniach mog\u0105 wspiera\u0107 Ci\u0119 w wyzwaniach takich jak stres i l\u0119k, pewno\u015b\u0107 siebie i motywacja, trudno\u015bci ze snem, prokrastynacja, fobie i l\u0119ki czy budowanie r\u00f3wnowagi emocjonalnej.<br data-start=\"1238\" data-end=\"1241\" \/>Mo\u017ce r\u00f3wnie\u017c wspiera\u0107 w zmniejszaniu emocjonalnej intensywno\u015bci przesz\u0142ych wspomnie\u0144 czy do\u015bwiadcze\u0144 oraz w nadawaniu im nowej perspektywy w bezpieczny i wspieraj\u0105cy spos\u00f3b.<\/p>\n<p data-start=\"1389\" data-end=\"1547\"><em data-start=\"1389\" data-end=\"1545\">To tylko przyk\u0142ad \u2014 pe\u0142n\u0105 list\u0119 obszar\u00f3w, w kt\u00f3rych wspieram, znajdziesz na stronie <a class=\"decorated-link cursor-pointer\" rel=\"noopener\" data-start=\"1469\" data-end=\"1501\">Hipnoterapia<\/a> lub na stronie <a class=\"decorated-link cursor-pointer\" rel=\"noopener\" data-start=\"1510\" data-end=\"1543\">skontaktuj si\u0119<\/a>.<\/em><\/p>\n<p data-start=\"1549\" data-end=\"1569\"><strong data-start=\"1549\" data-end=\"1567\">Co otrzymujesz w ramach sesji:<\/strong><\/p>\n<ul>\n<li data-start=\"1572\" data-end=\"1605\"><strong data-start=\"1572\" data-end=\"1603\">60 minut sesji hipnoterapii online<\/strong><\/li>\n<li data-start=\"1608\" data-end=\"1663\"><strong data-start=\"1608\" data-end=\"1631\">Hipnoz\u0119 relaksuj\u0105c\u0105<\/strong> dopasowan\u0105 do Twoich aktualnych potrzeb<\/li>\n<li data-start=\"1666\" data-end=\"1743\"><strong data-start=\"1666\" data-end=\"1701\">Wiedz\u0119 i proste strategie<\/strong> kt\u00f3re mo\u017cesz wykorzysta\u0107, aby wspiera\u0107 swoje codzienne \u017cycie<\/li>\n<li data-start=\"1746\" data-end=\"1837\"><strong data-start=\"1746\" data-end=\"1835\">Profesjonalne wsparcie w ka\u017cdej sesji, kt\u00f3re pomaga Ci pozosta\u0107 skoncentrowan\u0105 i zaopiekowan\u0105.<\/strong><\/li>\n<\/ul>\n<p data-start=\"1839\" data-end=\"2109\"><strong data-start=\"1839\" data-end=\"1864\">Wa\u017cne informacje<\/strong><br data-start=\"1864\" data-end=\"1867\" \/>Prosz\u0119 pami\u0119ta\u0107, \u017ce indywidualne rezultaty mog\u0105 si\u0119 r\u00f3\u017cni\u0107. Liczba potrzebnych sesji zale\u017cy od Twojej sytuacji oraz cel\u00f3w.<br data-start=\"1990\" data-end=\"1993\" \/>Hipnoterapia jest podej\u015bciem komplementarnym i nie zast\u0119puje leczenia medycznego ani profesjonalnych porad zdrowotnych.<\/p>\n<p data-start=\"2111\" data-end=\"2245\"><strong data-start=\"2111\" data-end=\"2134\">Informacje dotycz\u0105ce rezerwacji<\/strong><br data-start=\"2134\" data-end=\"2137\" \/>Przed rozpocz\u0119ciem sesji wymagana jest pomy\u015blna\u00a0<a href=\"https:\/\/positiveperspectivehypnotherapy.co.uk\/pl\/shop\/free-initial-consultation\/\"><strong data-start=\"2277\" data-end=\"2306\">Bezp\u0142atn\u0105 Konsultacj\u0119 Wst\u0119pn\u0105<\/strong><\/a>\u00a0.<\/p>\n<ul>\n<li data-start=\"2339\" data-end=\"2390\">Terminy spotka\u0144 ustalane s\u0105 poprzez wsp\u00f3lne potwierdzenie<\/li>\n<li data-start=\"2393\" data-end=\"2506\"><strong data-start=\"2393\" data-end=\"2504\">Wykupione sesje b\u0119d\u0105 oczekiwa\u0107 na najbli\u017cszy dost\u0119pny termin, a dok\u0142adn\u0105 dat\u0119 potwierdz\u0119 z Tob\u0105 mailowo.<\/strong><\/li>\n<\/ul>\n<p data-start=\"2508\" data-end=\"2538\"><strong data-start=\"2508\" data-end=\"2536\">Informacje dotycz\u0105ce odwo\u0142ania sesji<\/strong><\/p>\n<ul>\n<li data-start=\"2541\" data-end=\"2651\"><strong data-start=\"2541\" data-end=\"2571\">Z co najmniej 48-godzinnym wyprzedzeniem:<\/strong>Sesje indywidulane mog\u0105 zosta\u0107 odwo\u0142ane z pe\u0142nym zwrotem koszt\u00f3w lub prze\u0142o\u017cone na inny termin.<\/li>\n<li data-start=\"2654\" data-end=\"2725\"><strong data-start=\"2654\" data-end=\"2684\">Przy odwo\u0142aniu z wyprzedzeniem kr\u00f3tszym ni\u017c 48 godzin<\/strong>nie ma mo\u017cliwo\u015bci zwrotu koszt\u00f3w ani prze\u0142o\u017cenia sesji na inny termin.<\/li>\n<\/ul>\n<p data-start=\"2727\" data-end=\"3017\"><strong data-start=\"2727\" data-end=\"2756\">Zr\u00f3b pierwszy krok ju\u017c dzi\u015b<\/strong><br data-start=\"2756\" data-end=\"2759\" \/>Odkryj, jak ju\u017c jedna sesja hipnoterapii mo\u017ce pom\u00f3c Ci zyska\u0107 jasno\u015b\u0107, poczu\u0107 wi\u0119kszy spok\u00f3j i sprawdzi\u0107, jak hipnoza dzia\u0142a w\u0142a\u015bnie dla Ciebie. Niezale\u017cnie od tego, czy jeste\u015b osob\u0105 pocz\u0105tkuj\u0105c\u0105, wracasz po przerwie, czy chcesz od\u015bwie\u017cy\u0107 swoj\u0105 praktyk\u0119 - ka\u017cda sesja oferuje bezpieczn\u0105 i wspieraj\u0105c\u0105 przestrze\u0144 dla realnych post\u0119p\u00f3w.<\/p>\n<p data-start=\"2727\" data-end=\"3017\">Je\u015bli chcesz pozna\u0107 wi\u0119cej opcji sesji, pakiet\u00f3w to znajdziesz je <a href=\"https:\/\/positiveperspectivehypnotherapy.co.uk\/pl\/kategoria-produktu\/hypnotherapy-sessions\/\">tutaj.<\/a><\/p>","protected":false},"featured_media":1769,"template":"","meta":[],"product_brand":[],"product_cat":[19],"product_tag":[152,54,164,165,115,161,162,160,163,52,154,112,62,159,155,158,156,34,157,166,146,150,148,151,176,61,149,153],"class_list":{"0":"post-574","1":"product","2":"type-product","3":"status-publish","4":"has-post-thumbnail","6":"product_cat-hypnotherapy-sessions","7":"product_tag-11-hypnotherapy-online","8":"product_tag-hipnoterapia-londyn","9":"product_tag-hipnoterapia-na-klaustrofobie","10":"product_tag-hipnoterapia-na-lek-przed-lataniem","11":"product_tag-hipnoterapia-na-leki","12":"product_tag-hipnoterapia-na-pewnosc-siebie","13":"product_tag-hipnoterapia-na-sen","14":"product_tag-hipnoterapia-na-stres","15":"product_tag-hipnoterapia-na-traume","16":"product_tag-hipnoterapia-online","17":"product_tag-hipnoterapia-online-11","18":"product_tag-hipnoterapia-po-polsku","19":"product_tag-hypnotherapy-for-anxiety","20":"product_tag-hypnotherapy-for-claustrophobia","21":"product_tag-hypnotherapy-for-confidence","22":"product_tag-hypnotherapy-for-flying-phobia","23":"product_tag-hypnotherapy-for-sleep-problems","24":"product_tag-hypnotherapy-for-stress-relief","25":"product_tag-hypnotherapy-for-trauma","26":"product_tag-hypnotherapy-london-online","27":"product_tag-hypnotherapy-uk","28":"product_tag-individual-hypnotherapy-session","29":"product_tag-marta-watroba-hypnotherapy","30":"product_tag-online-hypnotherapy-session","31":"product_tag-online-hypnotherapy-uk","32":"product_tag-polska-hipnoterapeutka","33":"product_tag-positive-perspective-hypnotherapy","34":"product_tag-sesja-indywidualna-hipnoterapii","36":"first","37":"instock","38":"virtual","39":"purchasable","40":"product-type-simple"},"yoast_head":"<!-- This site is optimized with the Yoast SEO plugin v26.6 - https:\/\/yoast.com\/wordpress\/plugins\/seo\/ -->\n<title>Hypnotherapy Session 60 minutes - Hypnotherapy Online - Hipnoterapia Online UK, London, Hertfordshire<\/title>\n<meta name=\"description\" content=\"Online Hypnotherapy Sessions, London \u2013 personalized, expert therapy to help you overcome stress, anxiety, and more, all available online.\" \/>\n<meta name=\"robots\" content=\"index, follow, max-snippet:-1, max-image-preview:large, max-video-preview:-1\" \/>\n<link rel=\"canonical\" href=\"https:\/\/positiveperspectivehypnotherapy.co.uk\/pl\/shop\/individual-hypnotherapy-session\/\" \/>\n<script type=\"application\/ld+json\" class=\"yoast-schema-graph\">{\"@context\":\"https:\/\/schema.org\",\"@graph\":[{\"@type\":\"WebPage\",\"@id\":\"https:\/\/positiveperspectivehypnotherapy.co.uk\/shop\/individual-hypnotherapy-session\/\",\"url\":\"https:\/\/positiveperspectivehypnotherapy.co.uk\/shop\/individual-hypnotherapy-session\/\",\"name\":\"Hypnotherapy Session 60 minutes - Hypnotherapy Online - Hipnoterapia Online UK, London, Hertfordshire\",\"isPartOf\":{\"@id\":\"https:\/\/positiveperspectivehypnotherapy.co.uk\/#website\"},\"primaryImageOfPage\":{\"@id\":\"https:\/\/positiveperspectivehypnotherapy.co.uk\/shop\/individual-hypnotherapy-session\/#primaryimage\"},\"image\":{\"@id\":\"https:\/\/positiveperspectivehypnotherapy.co.uk\/shop\/individual-hypnotherapy-session\/#primaryimage\"},\"thumbnailUrl\":\"https:\/\/positiveperspectivehypnotherapy.co.uk\/wp-content\/uploads\/2026\/01\/individual-online-hypnotherapy-session-with-marta-watroba-polska-hipnoterapeutka-w-UK.png\",\"datePublished\":\"2024-10-16T15:24:24+00:00\",\"dateModified\":\"2026-02-04T11:33:03+00:00\",\"description\":\"Online Hypnotherapy Sessions, London \u2013 personalized, expert therapy to help you overcome stress, anxiety, and more, all available online.\",\"breadcrumb\":{\"@id\":\"https:\/\/positiveperspectivehypnotherapy.co.uk\/shop\/individual-hypnotherapy-session\/#breadcrumb\"},\"inLanguage\":\"pl-PL\",\"potentialAction\":[{\"@type\":\"ReadAction\",\"target\":[\"https:\/\/positiveperspectivehypnotherapy.co.uk\/shop\/individual-hypnotherapy-session\/\"]}]},{\"@type\":\"ImageObject\",\"inLanguage\":\"pl-PL\",\"@id\":\"https:\/\/positiveperspectivehypnotherapy.co.uk\/shop\/individual-hypnotherapy-session\/#primaryimage\",\"url\":\"https:\/\/positiveperspectivehypnotherapy.co.uk\/wp-content\/uploads\/2026\/01\/individual-online-hypnotherapy-session-with-marta-watroba-polska-hipnoterapeutka-w-UK.png\",\"contentUrl\":\"https:\/\/positiveperspectivehypnotherapy.co.uk\/wp-content\/uploads\/2026\/01\/individual-online-hypnotherapy-session-with-marta-watroba-polska-hipnoterapeutka-w-UK.png\",\"width\":1080,\"height\":1080,\"caption\":\"Individual online hypnotherapy session with Marta Watroba \u2013 60\u201380 minutes of relaxation hypnosis and solution-focused support, flexible single session option.\"},{\"@type\":\"BreadcrumbList\",\"@id\":\"https:\/\/positiveperspectivehypnotherapy.co.uk\/shop\/individual-hypnotherapy-session\/#breadcrumb\",\"itemListElement\":[{\"@type\":\"ListItem\",\"position\":1,\"name\":\"Home\",\"item\":\"https:\/\/positiveperspectivehypnotherapy.co.uk\/\"},{\"@type\":\"ListItem\",\"position\":2,\"name\":\"Online Hypnotherapy &#038; Hypnosis &#8211; London, Hertfordshire &#038; across UK\",\"item\":\"https:\/\/positiveperspectivehypnotherapy.co.uk\/shop\/\"},{\"@type\":\"ListItem\",\"position\":3,\"name\":\"Hypnotherapy Session 60 minutes\"}]},{\"@type\":\"WebSite\",\"@id\":\"https:\/\/positiveperspectivehypnotherapy.co.uk\/#website\",\"url\":\"https:\/\/positiveperspectivehypnotherapy.co.uk\/\",\"name\":\"Hypnotherapy Sessions London\",\"description\":\"Clinical Hypnotherapy with Marta Watroba - Support for Stress, Anxiety, Confidence, Grief, Phobia, Trauma - Online. UK, London &amp; Hertfordshire\",\"publisher\":{\"@id\":\"https:\/\/positiveperspectivehypnotherapy.co.uk\/#organization\"},\"alternateName\":\"London Hypnotherapy Online\",\"potentialAction\":[{\"@type\":\"SearchAction\",\"target\":{\"@type\":\"EntryPoint\",\"urlTemplate\":\"https:\/\/positiveperspectivehypnotherapy.co.uk\/?s={search_term_string}\"},\"query-input\":{\"@type\":\"PropertyValueSpecification\",\"valueRequired\":true,\"valueName\":\"search_term_string\"}}],\"inLanguage\":\"pl-PL\"},{\"@type\":\"Organization\",\"@id\":\"https:\/\/positiveperspectivehypnotherapy.co.uk\/#organization\",\"name\":\"Hypnotherapy Sessions London\",\"alternateName\":\"London Hypnotherapy Online\",\"url\":\"https:\/\/positiveperspectivehypnotherapy.co.uk\/\",\"logo\":{\"@type\":\"ImageObject\",\"inLanguage\":\"pl-PL\",\"@id\":\"https:\/\/positiveperspectivehypnotherapy.co.uk\/#\/schema\/logo\/image\/\",\"url\":\"https:\/\/positiveperspectivehypnotherapy.co.uk\/wp-content\/uploads\/2024\/10\/hypnotherapy-logo-dark.png\",\"contentUrl\":\"https:\/\/positiveperspectivehypnotherapy.co.uk\/wp-content\/uploads\/2024\/10\/hypnotherapy-logo-dark.png\",\"width\":1281,\"height\":430,\"caption\":\"Hypnotherapy Sessions London\"},\"image\":{\"@id\":\"https:\/\/positiveperspectivehypnotherapy.co.uk\/#\/schema\/logo\/image\/\"},\"sameAs\":[\"https:\/\/www.facebook.com\/positiveperspectivehypnotherapy\",\"https:\/\/www.instagram.com\/martawatroba_\/\"]}]}<\/script>\n<!-- \/ Yoast SEO plugin. -->","yoast_head_json":{"title":"Hypnotherapy Session 60 minutes - Hypnotherapy Online - Hipnoterapia Online UK, London, Hertfordshire","description":"Online Hypnotherapy Sessions, London \u2013 personalized, expert therapy to help you overcome stress, anxiety, and more, all available online.","robots":{"index":"index","follow":"follow","max-snippet":"max-snippet:-1","max-image-preview":"max-image-preview:large","max-video-preview":"max-video-preview:-1"},"canonical":"https:\/\/positiveperspectivehypnotherapy.co.uk\/pl\/shop\/individual-hypnotherapy-session\/","schema":{"@context":"https:\/\/schema.org","@graph":[{"@type":"WebPage","@id":"https:\/\/positiveperspectivehypnotherapy.co.uk\/shop\/individual-hypnotherapy-session\/","url":"https:\/\/positiveperspectivehypnotherapy.co.uk\/shop\/individual-hypnotherapy-session\/","name":"Hypnotherapy Session 60 minutes - Hypnotherapy Online - Hipnoterapia Online UK, London, Hertfordshire","isPartOf":{"@id":"https:\/\/positiveperspectivehypnotherapy.co.uk\/#website"},"primaryImageOfPage":{"@id":"https:\/\/positiveperspectivehypnotherapy.co.uk\/shop\/individual-hypnotherapy-session\/#primaryimage"},"image":{"@id":"https:\/\/positiveperspectivehypnotherapy.co.uk\/shop\/individual-hypnotherapy-session\/#primaryimage"},"thumbnailUrl":"https:\/\/positiveperspectivehypnotherapy.co.uk\/wp-content\/uploads\/2026\/01\/individual-online-hypnotherapy-session-with-marta-watroba-polska-hipnoterapeutka-w-UK.png","datePublished":"2024-10-16T15:24:24+00:00","dateModified":"2026-02-04T11:33:03+00:00","description":"Online Hypnotherapy Sessions, London \u2013 personalized, expert therapy to help you overcome stress, anxiety, and more, all available online.","breadcrumb":{"@id":"https:\/\/positiveperspectivehypnotherapy.co.uk\/shop\/individual-hypnotherapy-session\/#breadcrumb"},"inLanguage":"pl-PL","potentialAction":[{"@type":"ReadAction","target":["https:\/\/positiveperspectivehypnotherapy.co.uk\/shop\/individual-hypnotherapy-session\/"]}]},{"@type":"ImageObject","inLanguage":"pl-PL","@id":"https:\/\/positiveperspectivehypnotherapy.co.uk\/shop\/individual-hypnotherapy-session\/#primaryimage","url":"https:\/\/positiveperspectivehypnotherapy.co.uk\/wp-content\/uploads\/2026\/01\/individual-online-hypnotherapy-session-with-marta-watroba-polska-hipnoterapeutka-w-UK.png","contentUrl":"https:\/\/positiveperspectivehypnotherapy.co.uk\/wp-content\/uploads\/2026\/01\/individual-online-hypnotherapy-session-with-marta-watroba-polska-hipnoterapeutka-w-UK.png","width":1080,"height":1080,"caption":"Individual online hypnotherapy session with Marta Watroba \u2013 60\u201380 minutes of relaxation hypnosis and solution-focused support, flexible single session option."},{"@type":"BreadcrumbList","@id":"https:\/\/positiveperspectivehypnotherapy.co.uk\/shop\/individual-hypnotherapy-session\/#breadcrumb","itemListElement":[{"@type":"ListItem","position":1,"name":"Home","item":"https:\/\/positiveperspectivehypnotherapy.co.uk\/"},{"@type":"ListItem","position":2,"name":"Online Hypnotherapy &#038; Hypnosis &#8211; London, Hertfordshire &#038; across UK","item":"https:\/\/positiveperspectivehypnotherapy.co.uk\/shop\/"},{"@type":"ListItem","position":3,"name":"Hypnotherapy Session 60 minutes"}]},{"@type":"WebSite","@id":"https:\/\/positiveperspectivehypnotherapy.co.uk\/#website","url":"https:\/\/positiveperspectivehypnotherapy.co.uk\/","name":"Hypnotherapy Sessions London","description":"Clinical Hypnotherapy with Marta Watroba - Support for Stress, Anxiety, Confidence, Grief, Phobia, Trauma - Online. UK, London &amp; Hertfordshire","publisher":{"@id":"https:\/\/positiveperspectivehypnotherapy.co.uk\/#organization"},"alternateName":"London Hypnotherapy Online","potentialAction":[{"@type":"SearchAction","target":{"@type":"EntryPoint","urlTemplate":"https:\/\/positiveperspectivehypnotherapy.co.uk\/?s={search_term_string}"},"query-input":{"@type":"PropertyValueSpecification","valueRequired":true,"valueName":"search_term_string"}}],"inLanguage":"pl-PL"},{"@type":"Organization","@id":"https:\/\/positiveperspectivehypnotherapy.co.uk\/#organization","name":"Hypnotherapy Sessions London","alternateName":"London Hypnotherapy Online","url":"https:\/\/positiveperspectivehypnotherapy.co.uk\/","logo":{"@type":"ImageObject","inLanguage":"pl-PL","@id":"https:\/\/positiveperspectivehypnotherapy.co.uk\/#\/schema\/logo\/image\/","url":"https:\/\/positiveperspectivehypnotherapy.co.uk\/wp-content\/uploads\/2024\/10\/hypnotherapy-logo-dark.png","contentUrl":"https:\/\/positiveperspectivehypnotherapy.co.uk\/wp-content\/uploads\/2024\/10\/hypnotherapy-logo-dark.png","width":1281,"height":430,"caption":"Hypnotherapy Sessions London"},"image":{"@id":"https:\/\/positiveperspectivehypnotherapy.co.uk\/#\/schema\/logo\/image\/"},"sameAs":["https:\/\/www.facebook.com\/positiveperspectivehypnotherapy","https:\/\/www.instagram.com\/martawatroba_\/"]}]}},"_links":{"self":[{"href":"https:\/\/positiveperspectivehypnotherapy.co.uk\/pl\/wp-json\/wp\/v2\/product\/574","targetHints":{"allow":["GET"]}}],"collection":[{"href":"https:\/\/positiveperspectivehypnotherapy.co.uk\/pl\/wp-json\/wp\/v2\/product"}],"about":[{"href":"https:\/\/positiveperspectivehypnotherapy.co.uk\/pl\/wp-json\/wp\/v2\/types\/product"}],"wp:featuredmedia":[{"embeddable":true,"href":"https:\/\/positiveperspectivehypnotherapy.co.uk\/pl\/wp-json\/wp\/v2\/media\/1769"}],"wp:attachment":[{"href":"https:\/\/positiveperspectivehypnotherapy.co.uk\/pl\/wp-json\/wp\/v2\/media?parent=574"}],"wp:term":[{"taxonomy":"product_brand","embeddable":true,"href":"https:\/\/positiveperspectivehypnotherapy.co.uk\/pl\/wp-json\/wp\/v2\/product_brand?post=574"},{"taxonomy":"product_cat","embeddable":true,"href":"https:\/\/positiveperspectivehypnotherapy.co.uk\/pl\/wp-json\/wp\/v2\/product_cat?post=574"},{"taxonomy":"product_tag","embeddable":true,"href":"https:\/\/positiveperspectivehypnotherapy.co.uk\/pl\/wp-json\/wp\/v2\/product_tag?post=574"}],"curies":[{"name":"wp","href":"https:\/\/api.w.org\/{rel}","templated":true}]}}